{"id":480,"date":"2017-04-26T13:34:47","date_gmt":"2017-04-26T13:34:47","guid":{"rendered":"http:\/\/andri.inamskeid.is\/?page_id=480"},"modified":"2019-08-17T16:28:19","modified_gmt":"2019-08-17T16:28:19","slug":"cotact-us","status":"publish","type":"page","link":"https:\/\/www.dynhestar.is\/?page_id=480&lang=en","title":{"rendered":"CONTACT US"},"content":{"rendered":"<p>[et_pb_section bb_built=&#8221;1&#8243; fullwidth=&#8221;on&#8221; specialty=&#8221;off&#8221;][et_pb_fullwidth_image _builder_version=&#8221;3.0.97&#8243; src=&#8221;https:\/\/www.dynhestar.is\/wp-content\/uploads\/2018\/02\/Bjargsholl_Slider-1.jpg&#8221; show_in_lightbox=&#8221;off&#8221; url_new_window=&#8221;off&#8221; use_overlay=&#8221;off&#8221; \/][\/et_pb_section][et_pb_section bb_built=&#8221;1&#8243; fullwidth=&#8221;off&#8221; specialty=&#8221;off&#8221; _builder_version=&#8221;3.0.97&#8243;][et_pb_row][et_pb_column type=&#8221;1_3&#8243;][et_pb_text _builder_version=&#8221;3.0.100&#8243; background_layout=&#8221;light&#8221;]<\/p>\n<p>Dynhestar is located at the farm <strong>&#8220;Bjargsh\u00f3ll&#8221;<\/strong> in the northwest of Iceland.<br \/>\nThe farm is about 2,5 hours drive from Reykjav\u00edk. You get there by taking Road 1, until you meet Road 704 which directly leads to Bjargsh\u00f3ll after a 12km drive.<\/p>\n<p>&nbsp;<\/p>\n<h3>Booking requests<\/h3>\n<p>can be adressed by e-mail at<br \/>\n<strong>dynhestar@dynhestar.is<\/strong><br \/>\nIf you have questions you can also reach us by phone at:<br \/>\n<strong><span id=\"et-info-phone\">+354 8612369<\/span><\/strong><\/p>\n<p><strong>We are looking forward to hearing from you!<\/strong><\/p>\n<p>[\/et_pb_text][\/et_pb_column][et_pb_column type=&#8221;2_3&#8243;][et_pb_map _builder_version=&#8221;3.0.97&#8243; address=&#8221;Island&#8221; zoom_level=&#8221;7&#8243; address_lat=&#8221;65.00254209694535&#8243; address_lng=&#8221;-18.663779335937527&#8243; mouse_wheel=&#8221;on&#8221; mobile_dragging=&#8221;on&#8221; use_grayscale_filter=&#8221;off&#8221;][et_pb_map_pin _builder_version=&#8221;3.0.97&#8243; title=&#8221;Dynhestar Heimathof %22Bjargsh\u00f3ll%22&#8243; pin_address=&#8221;Mi\u00f0fjar\u00f0arvegur, Laugarbakki, Island&#8221; pin_address_lat=&#8221;65.2468796&#8243; pin_address_lng=&#8221;-20.821720700000014&#8243; \/][\/et_pb_map][\/et_pb_column][\/et_pb_row][\/et_pb_section]<\/p>\n","protected":false},"excerpt":{"rendered":"<p><div class=\"et_pb_row et_pb_row_0 et_pb_row_empty\">\n\t\t\t\t\n\t\t\t\t\n\t\t\t\t\n\t\t\t\t\n\t\t\t\t\n\t\t\t<\/div> Dynhestar is located at the farm &#8220;Bjargsh\u00f3ll&#8221; in the northwest of Iceland. The farm is about 2,5 hours drive from Reykjav\u00edk. You get there by taking Road 1, until you meet Road 704 which directly leads to Bjargsh\u00f3ll after a 12km drive. &nbsp; Booking requests can be adressed by e-mail at dynhestar@dynhestar.is If you [&hellip;]<\/p>\n","protected":false},"author":2,"featured_media":0,"parent":0,"menu_order":0,"comment_status":"closed","ping_status":"closed","template":"","meta":{"_et_pb_use_builder":"on","_et_pb_old_content":"","_et_gb_content_width":"","footnotes":""},"class_list":["post-480","page","type-page","status-publish","hentry"],"_links":{"self":[{"href":"https:\/\/www.dynhestar.is\/index.php?rest_route=\/wp\/v2\/pages\/480"}],"collection":[{"href":"https:\/\/www.dynhestar.is\/index.php?rest_route=\/wp\/v2\/pages"}],"about":[{"href":"https:\/\/www.dynhestar.is\/index.php?rest_route=\/wp\/v2\/types\/page"}],"author":[{"embeddable":true,"href":"https:\/\/www.dynhestar.is\/index.php?rest_route=\/wp\/v2\/users\/2"}],"replies":[{"embeddable":true,"href":"https:\/\/www.dynhestar.is\/index.php?rest_route=%2Fwp%2Fv2%2Fcomments&post=480"}],"version-history":[{"count":16,"href":"https:\/\/www.dynhestar.is\/index.php?rest_route=\/wp\/v2\/pages\/480\/revisions"}],"predecessor-version":[{"id":2124,"href":"https:\/\/www.dynhestar.is\/index.php?rest_route=\/wp\/v2\/pages\/480\/revisions\/2124"}],"wp:attachment":[{"href":"https:\/\/www.dynhestar.is\/index.php?rest_route=%2Fwp%2Fv2%2Fmedia&parent=480"}],"curies":[{"name":"wp","href":"https:\/\/api.w.org\/{rel}","templated":true}]}}