{"id":259,"date":"2017-04-19T20:23:14","date_gmt":"2017-04-19T20:23:14","guid":{"rendered":"http:\/\/andri.inamskeid.is\/?page_id=259"},"modified":"2021-02-07T11:58:55","modified_gmt":"2021-02-07T11:58:55","slug":"about-us","status":"publish","type":"page","link":"https:\/\/www.dynhestar.is\/?page_id=259&lang=en","title":{"rendered":"ABOUT US"},"content":{"rendered":"<p>[et_pb_section fb_built=&#8221;1&#8243; fullwidth=&#8221;on&#8221; _builder_version=&#8221;3.22&#8243;][et_pb_fullwidth_image src=&#8221;https:\/\/www.dynhestar.is\/wp-content\/uploads\/2018\/02\/Slider-1.jpg&#8221; _builder_version=&#8221;3.0.97&#8243; animation_style=&#8221;slide&#8221; animation_direction=&#8221;left&#8221; animation_duration=&#8221;500ms&#8221; animation_intensity_slide=&#8221;10%&#8221;][\/et_pb_fullwidth_image][\/et_pb_section][et_pb_section fb_built=&#8221;1&#8243; _builder_version=&#8221;3.22&#8243;][et_pb_row _builder_version=&#8221;3.25&#8243; background_size=&#8221;initial&#8221; background_position=&#8221;top_left&#8221; background_repeat=&#8221;repeat&#8221; column_structure=&#8221;2_3,1_3&#8243;][et_pb_column type=&#8221;2_3&#8243; _builder_version=&#8221;3.25&#8243; custom_padding=&#8221;|||&#8221; custom_padding__hover=&#8221;|||&#8221;][et_pb_text _builder_version=&#8221;3.27.4&#8243;]Our first tour was in 1993. We took 4 German guests on a tour with 12 Icelanders \u2013 family, friends, it was such a wonderful atmosphere. We realized then how much we love to show our country and way of living to visitors. Only one year later, we already organized 4 riding tours and went to Landsm\u00f3t, the Icelandic horse championship with our guests.<\/p>\n<p>Since that time, we go on tour every summer to enjoy the stunning landscapes on horseback. We usually start at Bjargsh\u00f3ll farm in the north of the country. In Mi\u00f0fj\u00f6r\u00f0ur, which is around 2,5h from Reykjav\u00edk by car, we have wonderful riding terrain \u2013 off the beaten track. We regularly ride to the beautiful \u201cvalleys\u201d of the region dalir from there.<\/p>\n<p>We still love every single tour we go on and look forward to always meeting new people with whom we can share our passion for riding, horses and outdoor activities.<br \/>\n[\/et_pb_text][\/et_pb_column][et_pb_column type=&#8221;1_3&#8243; _builder_version=&#8221;3.25&#8243; custom_padding=&#8221;|||&#8221; custom_padding__hover=&#8221;|||&#8221;][et_pb_button button_url=&#8221;https:\/\/www.facebook.com\/Dynhestar-1212601468804935\/&#8221; url_new_window=&#8221;on&#8221; button_text=&#8221;find our latest news on Facebook&#8221; button_alignment=&#8221;left&#8221; _builder_version=&#8221;3.16&#8243; custom_button=&#8221;on&#8221; button_text_size=&#8221;16&#8243; button_text_color=&#8221;#0c71c3&#8243; button_border_width=&#8221;0&#8243; button_font=&#8221;Open Sans||||||||&#8221; button_icon=&#8221;%%337%%&#8221; button_icon_color=&#8221;#0c71c3&#8243; button_icon_placement=&#8221;left&#8221; button_on_hover=&#8221;off&#8221; saved_tabs=&#8221;all&#8221; button_text_size__hover_enabled=&#8221;off&#8221; button_one_text_size__hover_enabled=&#8221;off&#8221; button_two_text_size__hover_enabled=&#8221;off&#8221; button_text_color__hover_enabled=&#8221;off&#8221; button_one_text_color__hover_enabled=&#8221;off&#8221; button_two_text_color__hover_enabled=&#8221;off&#8221; button_border_width__hover_enabled=&#8221;off&#8221; button_one_border_width__hover_enabled=&#8221;off&#8221; button_two_border_width__hover_enabled=&#8221;off&#8221; button_border_color__hover_enabled=&#8221;off&#8221; button_one_border_color__hover_enabled=&#8221;off&#8221; button_two_border_color__hover_enabled=&#8221;off&#8221; button_border_radius__hover_enabled=&#8221;off&#8221; button_one_border_radius__hover_enabled=&#8221;off&#8221; button_two_border_radius__hover_enabled=&#8221;off&#8221; button_letter_spacing__hover_enabled=&#8221;off&#8221; button_one_letter_spacing__hover_enabled=&#8221;off&#8221; button_two_letter_spacing__hover_enabled=&#8221;off&#8221; button_bg_color__hover_enabled=&#8221;off&#8221; button_one_bg_color__hover_enabled=&#8221;off&#8221; button_two_bg_color__hover_enabled=&#8221;off&#8221;][\/et_pb_button][et_pb_image src=&#8221;https:\/\/www.dynhestar.is\/wp-content\/uploads\/2018\/02\/Facebook2-1.jpg&#8221; align_tablet=&#8221;center&#8221; align_last_edited=&#8221;on|desktop&#8221; _builder_version=&#8221;3.23&#8243; always_center_on_mobile=&#8221;on&#8221;][\/et_pb_image][\/et_pb_column][\/et_pb_row][\/et_pb_section][et_pb_section fb_built=&#8221;1&#8243; admin_label=&#8221;section&#8221; _builder_version=&#8221;3.22&#8243; background_color=&#8221;#e6e7e9&#8243;][et_pb_row admin_label=&#8221;row&#8221; _builder_version=&#8221;3.25&#8243; background_size=&#8221;initial&#8221; background_position=&#8221;top_left&#8221; background_repeat=&#8221;repeat&#8221;][et_pb_column type=&#8221;4_4&#8243; _builder_version=&#8221;3.25&#8243; custom_padding=&#8221;|||&#8221; custom_padding__hover=&#8221;|||&#8221;][et_pb_text admin_label=&#8221;Meet the staff&#8221; _builder_version=&#8221;3.27.4&#8243; background_size=&#8221;initial&#8221; background_position=&#8221;top_left&#8221; background_repeat=&#8221;repeat&#8221; text_orientation=&#8221;center&#8221; module_alignment=&#8221;center&#8221; hover_enabled=&#8221;0&#8243; border_style=&#8221;solid&#8221; inline_fonts=&#8221;Bitter&#8221;]<\/p>\n<h1 style=\"text-align: center;\"><span style=\"font-family: Bitter;\">Meet the staff<\/span><\/h1>\n<p>[\/et_pb_text][\/et_pb_column][\/et_pb_row][et_pb_row admin_label=&#8221;row&#8221; _builder_version=&#8221;3.25&#8243; background_size=&#8221;initial&#8221; background_position=&#8221;top_left&#8221; background_repeat=&#8221;repeat&#8221; column_structure=&#8221;1_5,1_5,1_5,1_5,1_5&#8243;][et_pb_column type=&#8221;1_5&#8243; _builder_version=&#8221;3.25&#8243; custom_padding=&#8221;|||&#8221; custom_padding__hover=&#8221;|||&#8221;][et_pb_team_member name=&#8221;Eggert P\u00e1lsson&#8221; position=&#8221;Manager \/ Owner&#8221; image_url=&#8221;https:\/\/dynhestar.is\/wp-content\/uploads\/2017\/05\/eggert.jpg&#8221; admin_label=&#8221;Eggert&#8221; _builder_version=&#8221;3.0.100&#8243; header_font=&#8221;Bitter||||&#8221; header_text_align=&#8221;center&#8221; header_font_size=&#8221;16px&#8221; body_font=&#8221;Bitter||||&#8221; body_text_align=&#8221;center&#8221; background_size=&#8221;initial&#8221; background_position=&#8221;top_left&#8221; background_repeat=&#8221;repeat&#8221; text_orientation=&#8221;center&#8221;]<span class=\"_5yl5\">phone: +354-8932631<br \/>\nbjargsholl@bjargsholl.is<\/span><\/p>\n<p>&nbsp;<br \/>\n[\/et_pb_team_member][\/et_pb_column][et_pb_column type=&#8221;1_5&#8243; _builder_version=&#8221;3.25&#8243; custom_padding=&#8221;|||&#8221; custom_padding__hover=&#8221;|||&#8221;][et_pb_team_member name=&#8221;Sigr\u00fan Einarsd\u00f3ttir&#8221; position=&#8221;Owner&#8221; image_url=&#8221;https:\/\/dynhestar.is\/wp-content\/uploads\/2017\/05\/sigrun-1.jpg&#8221; admin_label=&#8221;Sigr\u00fan&#8221; _builder_version=&#8221;3.0.100&#8243; header_text_align=&#8221;center&#8221; header_font_size=&#8221;16px&#8221; body_font=&#8221;Bitter||||&#8221; body_text_align=&#8221;center&#8221; background_size=&#8221;initial&#8221; background_position=&#8221;top_left&#8221; background_repeat=&#8221;repeat&#8221; text_orientation=&#8221;center&#8221;]<span class=\"_5yl5\">bjargsholl@bjargsholl.is<\/span><br \/>\n[\/et_pb_team_member][\/et_pb_column][et_pb_column type=&#8221;1_5&#8243; _builder_version=&#8221;3.25&#8243; custom_padding=&#8221;|||&#8221; custom_padding__hover=&#8221;|||&#8221;][et_pb_team_member name=&#8221;Herd\u00eds K. Brynj\u00f3lfsd\u00f3ttir&#8221; position=&#8221;Guide \/ Marketing Mananger&#8221; image_url=&#8221;https:\/\/dynhestar.is\/wp-content\/uploads\/2017\/05\/herdis1.jpg&#8221; admin_label=&#8221;Herd\u00eds&#8221; _builder_version=&#8221;3.0.100&#8243; header_text_align=&#8221;center&#8221; header_font_size=&#8221;16px&#8221; body_font=&#8221;Bitter||||&#8221; body_text_align=&#8221;center&#8221; background_size=&#8221;initial&#8221; background_position=&#8221;top_left&#8221; background_repeat=&#8221;repeat&#8221; text_orientation=&#8221;center&#8221;]<\/p>\n<p style=\"text-align: center;\">phone: +3548612369<br \/>\ndynhestar@dynhestar.is<\/p>\n<p>[\/et_pb_team_member][\/et_pb_column][et_pb_column _builder_version=&#8221;4.0.10&#8243; type=&#8221;1_5&#8243;][et_pb_team_member name=&#8221;Katharina Ruppel&#8221; position=&#8221;Accounting&#8221; image_url=&#8221;https:\/\/www.dynhestar.is\/wp-content\/uploads\/2020\/06\/Katharina-Staff-e1591546921805.png&#8221; admin_label=&#8221;Katharina&#8221; _builder_version=&#8221;3.0.100&#8243; header_text_align=&#8221;center&#8221; header_font_size=&#8221;16px&#8221; body_font=&#8221;Bitter||||&#8221; body_text_align=&#8221;center&#8221; background_size=&#8221;initial&#8221; background_position=&#8221;top_left&#8221; background_repeat=&#8221;repeat&#8221; text_orientation=&#8221;center&#8221;]<\/p>\n<p style=\"text-align: center;\">k.ruppel@simnet.is<\/p>\n<p>[\/et_pb_team_member][\/et_pb_column][et_pb_column _builder_version=&#8221;4.0.10&#8243; type=&#8221;1_5&#8243;][et_pb_team_member name=&#8221;Christina Merkel&#8221; position=&#8221;Homepage\/ Marketing&#8221; image_url=&#8221;https:\/\/www.dynhestar.is\/wp-content\/uploads\/2021\/02\/580B7071-web-dynhestar-e1591546278177.jpg&#8221; admin_label=&#8221;Chrisi&#8221; _builder_version=&#8221;4.0.10&#8243; header_text_align=&#8221;center&#8221; header_font_size=&#8221;16px&#8221; body_font=&#8221;Bitter||||&#8221; body_text_align=&#8221;center&#8221; background_size=&#8221;initial&#8221; background_position=&#8221;top_left&#8221; background_repeat=&#8221;repeat&#8221; text_orientation=&#8221;center&#8221; hover_enabled=&#8221;0&#8243;]<\/p>\n<p style=\"text-align: center;\">chr.merkel@web.de<\/p>\n<p>[\/et_pb_team_member][\/et_pb_column][\/et_pb_row][\/et_pb_section]<\/p>\n","protected":false},"excerpt":{"rendered":"<p>Our first tour was in 1993. We took 4 German guests on a tour with 12 Icelanders \u2013 family, friends, it was such a wonderful atmosphere. We realized then how much we love to show our country and way of living to visitors. Only one year later, we already organized 4 riding tours and went [&hellip;]<\/p>\n","protected":false},"author":2,"featured_media":0,"parent":0,"menu_order":0,"comment_status":"closed","ping_status":"closed","template":"","meta":{"_et_pb_use_builder":"on","_et_pb_old_content":"","_et_gb_content_width":"","footnotes":""},"class_list":["post-259","page","type-page","status-publish","hentry"],"_links":{"self":[{"href":"https:\/\/www.dynhestar.is\/index.php?rest_route=\/wp\/v2\/pages\/259"}],"collection":[{"href":"https:\/\/www.dynhestar.is\/index.php?rest_route=\/wp\/v2\/pages"}],"about":[{"href":"https:\/\/www.dynhestar.is\/index.php?rest_route=\/wp\/v2\/types\/page"}],"author":[{"embeddable":true,"href":"https:\/\/www.dynhestar.is\/index.php?rest_route=\/wp\/v2\/users\/2"}],"replies":[{"embeddable":true,"href":"https:\/\/www.dynhestar.is\/index.php?rest_route=%2Fwp%2Fv2%2Fcomments&post=259"}],"version-history":[{"count":74,"href":"https:\/\/www.dynhestar.is\/index.php?rest_route=\/wp\/v2\/pages\/259\/revisions"}],"predecessor-version":[{"id":2476,"href":"https:\/\/www.dynhestar.is\/index.php?rest_route=\/wp\/v2\/pages\/259\/revisions\/2476"}],"wp:attachment":[{"href":"https:\/\/www.dynhestar.is\/index.php?rest_route=%2Fwp%2Fv2%2Fmedia&parent=259"}],"curies":[{"name":"wp","href":"https:\/\/api.w.org\/{rel}","templated":true}]}}