{"id":1273,"date":"2018-01-16T15:54:10","date_gmt":"2018-01-16T15:54:10","guid":{"rendered":"https:\/\/www.dynhestar.is\/?page_id=1273"},"modified":"2021-02-07T11:54:01","modified_gmt":"2021-02-07T11:54:01","slug":"ueber-uns","status":"publish","type":"page","link":"https:\/\/www.dynhestar.is\/?page_id=1273","title":{"rendered":"\u00dcBER UNS"},"content":{"rendered":"<p>[et_pb_section fb_built=&#8221;1&#8243; fullwidth=&#8221;on&#8221; _builder_version=&#8221;3.22&#8243;][et_pb_fullwidth_image src=&#8221;https:\/\/www.dynhestar.is\/wp-content\/uploads\/2018\/02\/Slider.jpg&#8221; _builder_version=&#8221;3.0.97&#8243;][\/et_pb_fullwidth_image][\/et_pb_section][et_pb_section fb_built=&#8221;1&#8243; _builder_version=&#8221;3.22&#8243;][et_pb_row _builder_version=&#8221;3.25&#8243; background_size=&#8221;initial&#8221; background_position=&#8221;top_left&#8221; background_repeat=&#8221;repeat&#8221; column_structure=&#8221;2_3,1_3&#8243;][et_pb_column type=&#8221;2_3&#8243; _builder_version=&#8221;3.25&#8243; custom_padding=&#8221;|||&#8221; custom_padding__hover=&#8221;|||&#8221;][et_pb_text _builder_version=&#8221;3.27.4&#8243; hover_enabled=&#8221;0&#8243;]Unsere erste Tour fand 1993 statt. Damals waren wir mit 4 G\u00e4sten aus Deutschland und 12 Isl\u00e4ndern unterwegs \u2013 Freunde, Familie, eine wundervolle Atmosph\u00e4re. Schon da haben wir gemerkt, wie viel Spa\u00df es uns macht, Besuchern unser Land und unsere Lebensweise zu zeigen. Bereits im Jahr darauf, gab es schon 4 Touren und wir sind mit unseren G\u00e4sten zusammen zu Landsm\u00f3t, der isl\u00e4ndischen Landesmeisterschaft gefahren.<\/p>\n<p>Seither verging kein Jahr, in dem wir nicht mit G\u00e4sten und unseren Pferden durch die atemberaubende isl\u00e4ndische Landschaft getourt sind. Meistens starten wir dabei von unserem Heimathof Bjargsh\u00f3ll im Norden des Landes aus. Im Mi\u00f0fj\u00f6r\u00f0ur, ca. 2,5 Autostunden von Reykjav\u00edk entfernt, haben wir wunderbares Reitgel\u00e4nde \u2013 abseits der bekannten Touristenpfade. Von dort aus reiten wir auch zu den wundersch\u00f6nen \u201eT\u00e4lern\u201c der Region Dalir.<\/p>\n<p>Noch immer genie\u00dfen wir jede einzelne Tour und freuen uns darauf, immer neue Menschen kennenzulernen und mit ihnen zusammen unsere Leidenschaft f\u00fcr das Reiten, Pferde und die Natur zu teilen.<br \/>\n[\/et_pb_text][\/et_pb_column][et_pb_column type=&#8221;1_3&#8243; _builder_version=&#8221;3.25&#8243; custom_padding=&#8221;|||&#8221; custom_padding__hover=&#8221;|||&#8221;][et_pb_button button_url=&#8221;https:\/\/www.facebook.com\/Dynhestar-1212601468804935\/&#8221; url_new_window=&#8221;on&#8221; button_text=&#8221;die aktuellsten News \u00fcber uns immer auf Facebook&#8221; button_alignment=&#8221;left&#8221; _builder_version=&#8221;3.16&#8243; custom_button=&#8221;on&#8221; button_text_size=&#8221;16&#8243; button_text_color=&#8221;#0c71c3&#8243; button_border_width=&#8221;0&#8243; button_font=&#8221;Open Sans||||||||&#8221; button_icon=&#8221;%%337%%&#8221; button_icon_color=&#8221;#0c71c3&#8243; button_icon_placement=&#8221;left&#8221; button_on_hover=&#8221;off&#8221; saved_tabs=&#8221;all&#8221; button_text_size__hover_enabled=&#8221;off&#8221; button_one_text_size__hover_enabled=&#8221;off&#8221; button_two_text_size__hover_enabled=&#8221;off&#8221; button_text_color__hover_enabled=&#8221;off&#8221; button_one_text_color__hover_enabled=&#8221;off&#8221; button_two_text_color__hover_enabled=&#8221;off&#8221; button_border_width__hover_enabled=&#8221;off&#8221; button_one_border_width__hover_enabled=&#8221;off&#8221; button_two_border_width__hover_enabled=&#8221;off&#8221; button_border_color__hover_enabled=&#8221;off&#8221; button_one_border_color__hover_enabled=&#8221;off&#8221; button_two_border_color__hover_enabled=&#8221;off&#8221; button_border_radius__hover_enabled=&#8221;off&#8221; button_one_border_radius__hover_enabled=&#8221;off&#8221; button_two_border_radius__hover_enabled=&#8221;off&#8221; button_letter_spacing__hover_enabled=&#8221;off&#8221; button_one_letter_spacing__hover_enabled=&#8221;off&#8221; button_two_letter_spacing__hover_enabled=&#8221;off&#8221; button_bg_color__hover_enabled=&#8221;off&#8221; button_one_bg_color__hover_enabled=&#8221;off&#8221; button_two_bg_color__hover_enabled=&#8221;off&#8221;][\/et_pb_button][et_pb_image src=&#8221;https:\/\/www.dynhestar.is\/wp-content\/uploads\/2018\/02\/Facebook2.jpg&#8221; url=&#8221;https:\/\/www.facebook.com\/Dynhestar-1212601468804935\/&#8221; url_new_window=&#8221;on&#8221; align_tablet=&#8221;center&#8221; align_last_edited=&#8221;on|desktop&#8221; _builder_version=&#8221;3.23&#8243; always_center_on_mobile=&#8221;on&#8221;][\/et_pb_image][\/et_pb_column][\/et_pb_row][\/et_pb_section][et_pb_section fb_built=&#8221;1&#8243; _builder_version=&#8221;3.22&#8243; background_image=&#8221;https:\/\/www.dynhestar.is\/wp-content\/uploads\/2018\/01\/grau.png&#8221;][et_pb_row _builder_version=&#8221;3.25&#8243; background_size=&#8221;initial&#8221; background_position=&#8221;top_left&#8221; background_repeat=&#8221;repeat&#8221;][et_pb_column type=&#8221;4_4&#8243; _builder_version=&#8221;3.25&#8243; custom_padding=&#8221;|||&#8221; custom_padding__hover=&#8221;|||&#8221;][et_pb_text _builder_version=&#8221;3.27.4&#8243; text_orientation=&#8221;center&#8221; module_alignment=&#8221;center&#8221; border_style=&#8221;solid&#8221;]<\/p>\n<h1>Unser Team<\/h1>\n<p>[\/et_pb_text][\/et_pb_column][\/et_pb_row][et_pb_row _builder_version=&#8221;3.25&#8243; background_size=&#8221;initial&#8221; background_position=&#8221;top_left&#8221; background_repeat=&#8221;repeat&#8221; column_structure=&#8221;1_5,1_5,1_5,1_5,1_5&#8243;][et_pb_column type=&#8221;1_5&#8243; _builder_version=&#8221;3.25&#8243; custom_padding=&#8221;|||&#8221; custom_padding__hover=&#8221;|||&#8221;][et_pb_team_member name=&#8221;Eggert P\u00e1lsson &#8221; position=&#8221;Manager \/ Inhaber&#8221; image_url=&#8221;https:\/\/www.dynhestar.is\/wp-content\/uploads\/2018\/01\/Eggert.jpg&#8221; admin_label=&#8221;Eggert&#8221; _builder_version=&#8221;3.0.97&#8243;]Tel: +354-8932631<br \/>\nbjargsholl@bjargsholl.is<br \/>\n[\/et_pb_team_member][\/et_pb_column][et_pb_column type=&#8221;1_5&#8243; _builder_version=&#8221;3.25&#8243; custom_padding=&#8221;|||&#8221; custom_padding__hover=&#8221;|||&#8221;][et_pb_team_member name=&#8221;Sigr\u00fan Einarsd\u00f3ttir &#8221; position=&#8221;Inhaberin&#8221; image_url=&#8221;https:\/\/www.dynhestar.is\/wp-content\/uploads\/2018\/01\/sigrun.jpg&#8221; admin_label=&#8221;Sigr\u00fan&#8221; _builder_version=&#8221;3.0.97&#8243;]<span class=\"_5yl5\">bjargsholl@bjargsholl.is<\/span><br \/>\n[\/et_pb_team_member][\/et_pb_column][et_pb_column type=&#8221;1_5&#8243; _builder_version=&#8221;3.25&#8243; custom_padding=&#8221;|||&#8221; custom_padding__hover=&#8221;|||&#8221;][et_pb_team_member name=&#8221;Herd\u00eds K. Brynj\u00f3lfsd\u00f3ttir&#8221; position=&#8221;Guide \/ Marketing Manager &#8221; image_url=&#8221;https:\/\/www.dynhestar.is\/wp-content\/uploads\/2018\/01\/herdis.jpg&#8221; admin_label=&#8221;Herd\u00eds&#8221; _builder_version=&#8221;3.0.100&#8243;]dynhestar@dynhestar.is<br \/>\n[\/et_pb_team_member][\/et_pb_column][et_pb_column type=&#8221;1_5&#8243; _builder_version=&#8221;3.25&#8243; custom_padding=&#8221;|||&#8221; hover_enabled=&#8221;0&#8243; custom_padding__hover=&#8221;|||&#8221;][et_pb_team_member name=&#8221;Katharina Ruppel&#8221; position=&#8221;Buchhaltung&#8221; image_url=&#8221;https:\/\/www.dynhestar.is\/wp-content\/uploads\/2019\/01\/Katharina2.jpg&#8221; admin_label=&#8221;Katharina&#8221; _builder_version=&#8221;3.0.100&#8243;]k.ruppel@simnet.is<br \/>\n[\/et_pb_team_member][\/et_pb_column][et_pb_column _builder_version=&#8221;4.0.10&#8243; type=&#8221;1_5&#8243;][et_pb_team_member name=&#8221;Christina Merkel&#8221; position=&#8221;Homepage\/Marketing&#8221; image_url=&#8221;https:\/\/www.dynhestar.is\/wp-content\/uploads\/2020\/06\/580B7071-web-dynhestar-e1591546278177.jpg&#8221; admin_label=&#8221;Chrisi&#8221; _builder_version=&#8221;4.0.10&#8243; hover_enabled=&#8221;0&#8243;]<\/p>\n<p>chr.merkel@web.de<\/p>\n<p>[\/et_pb_team_member][\/et_pb_column][\/et_pb_row][\/et_pb_section]<\/p>\n","protected":false},"excerpt":{"rendered":"<p>Unsere erste Tour fand 1993 statt. Damals waren wir mit 4 G\u00e4sten aus Deutschland und 12 Isl\u00e4ndern unterwegs \u2013 Freunde, Familie, eine wundervolle Atmosph\u00e4re. Schon da haben wir gemerkt, wie viel Spa\u00df es uns macht, Besuchern unser Land und unsere Lebensweise zu zeigen. Bereits im Jahr darauf, gab es schon 4 Touren und wir sind [&hellip;]<\/p>\n","protected":false},"author":6,"featured_media":0,"parent":0,"menu_order":0,"comment_status":"closed","ping_status":"closed","template":"","meta":{"_et_pb_use_builder":"on","_et_pb_old_content":"","_et_gb_content_width":"","footnotes":""},"class_list":["post-1273","page","type-page","status-publish","hentry"],"_links":{"self":[{"href":"https:\/\/www.dynhestar.is\/index.php?rest_route=\/wp\/v2\/pages\/1273"}],"collection":[{"href":"https:\/\/www.dynhestar.is\/index.php?rest_route=\/wp\/v2\/pages"}],"about":[{"href":"https:\/\/www.dynhestar.is\/index.php?rest_route=\/wp\/v2\/types\/page"}],"author":[{"embeddable":true,"href":"https:\/\/www.dynhestar.is\/index.php?rest_route=\/wp\/v2\/users\/6"}],"replies":[{"embeddable":true,"href":"https:\/\/www.dynhestar.is\/index.php?rest_route=%2Fwp%2Fv2%2Fcomments&post=1273"}],"version-history":[{"count":16,"href":"https:\/\/www.dynhestar.is\/index.php?rest_route=\/wp\/v2\/pages\/1273\/revisions"}],"predecessor-version":[{"id":2472,"href":"https:\/\/www.dynhestar.is\/index.php?rest_route=\/wp\/v2\/pages\/1273\/revisions\/2472"}],"wp:attachment":[{"href":"https:\/\/www.dynhestar.is\/index.php?rest_route=%2Fwp%2Fv2%2Fmedia&parent=1273"}],"curies":[{"name":"wp","href":"https:\/\/api.w.org\/{rel}","templated":true}]}}