{"id":1232,"date":"2018-01-15T16:49:23","date_gmt":"2018-01-15T16:49:23","guid":{"rendered":"https:\/\/www.dynhestar.is\/?page_id=1232"},"modified":"2024-08-01T14:31:00","modified_gmt":"2024-08-01T14:31:00","slug":"reittouren","status":"publish","type":"page","link":"https:\/\/www.dynhestar.is\/?page_id=1232","title":{"rendered":"REITTOUREN"},"content":{"rendered":"<p>[et_pb_section fb_built=&#8221;1&#8243; fullwidth=&#8221;on&#8221; _builder_version=&#8221;3.22&#8243;][et_pb_fullwidth_image src=&#8221;https:\/\/www.dynhestar.is\/wp-content\/uploads\/2017\/05\/riding_front.jpg&#8221; _builder_version=&#8221;3.0.100&#8243; animation_style=&#8221;slide&#8221; animation_direction=&#8221;left&#8221; animation_duration=&#8221;500ms&#8221; animation_intensity_slide=&#8221;10%&#8221; animation=&#8221;left&#8221; border_style=&#8221;solid&#8221;][\/et_pb_fullwidth_image][\/et_pb_section][et_pb_section fb_built=&#8221;1&#8243; _builder_version=&#8221;3.22&#8243;][et_pb_row column_structure=&#8221;2_3,1_3&#8243; _builder_version=&#8221;3.25&#8243; background_size=&#8221;initial&#8221; background_position=&#8221;top_left&#8221; background_repeat=&#8221;repeat&#8221;][et_pb_column type=&#8221;2_3&#8243; _builder_version=&#8221;3.25&#8243; custom_padding=&#8221;|||&#8221; custom_padding__hover=&#8221;|||&#8221;][et_pb_text _builder_version=&#8221;3.27.4&#8243;]<\/p>\n<h1>Dynhestar Reittouren<\/h1>\n<p>Von Juni bis Oktober ist bei uns Hochbetrieb. Wir bieten in dieser Zeit verschiedenste Reittouren f\u00fcr erfahrene Reiter an. Je nach Gruppengr\u00f6\u00dfe nehmen wir bis zu 70 Reitpferde mit auf Tour. Die meisten davon sind aus eigener Zucht und von uns ausgebildet. Es ist uns ein besonderes Anliegen, f\u00fcr jeden Reiter das ideale Pferd zu finden, mit dem Ihre Reise zum unvergesslichen Erlebnis wird.<\/p>\n<p>Auf unseren Touren reiten wir mit freilaufender Herde, so wie es in Island seit Jahrhunderten Tradition ist. Das ist wirklich ein einzigartiges Erlebnis!<\/p>\n<p>Unser Gep\u00e4ck und notwendiges Equipment wird zwischen den Unterk\u00fcnften transportiert. Die t\u00e4gliche Reitzeit betr\u00e4gt 4 -7 Stunden. W\u00e4hrend der Tour \u00fcbernachten wir in Hostels und G\u00e4steh\u00e4usern.<\/p>\n<p>Wie bereits erw\u00e4hnt f\u00fchren wir nach alter isl\u00e4ndischer Tradition beim Reiten freilaufend extra Pferde mit uns, so dass von Zeit zu Zeit das Pferd gewechselt werden kann. So geben wir unseren Reitpferden zwischendurch immer wieder Erholungsphasen und sie bleiben gehfreudig und motiviert w\u00e4hrend den Reitphasen. Unsere Packpferde tragen f\u00fcr uns die n\u00f6tige Ausr\u00fcstung w\u00e4hrend des Tages (Picknick, Regenzeug, Beschlagszeug und \u00e4hnliches) mit. Um eine entspannte Atmosph\u00e4re zu garantieren beschr\u00e4nken wir die Gruppengr\u00f6\u00dfe auf 12 Personen + Guides.<\/p>\n<p>Wir stellen Ihnen gerne Reithelme und Regenzeug zur Verf\u00fcgung und empfehlen das Tragen von stabilen Schuhen oder Stiefeln sowie Handschuhen.<\/p>\n<p>&nbsp;<\/p>\n<h4><strong>Bitte beachten Sie<\/strong><\/h4>\n<ul>\n<li>Eine individuelle Reiseversicherung ist nicht im Tourpreis enthalten. Wir empfehlen, eine solche Versicherung abzuschlie\u00dfen bevor Sie Island beuchen<\/li>\n<li>Der Flug nach und von Island ist nicht im Tourpreis enthalten<\/li>\n<\/ul>\n<p>[\/et_pb_text][\/et_pb_column][et_pb_column type=&#8221;1_3&#8243; _builder_version=&#8221;3.25&#8243; custom_padding=&#8221;|||&#8221; custom_padding__hover=&#8221;|||&#8221;][et_pb_text _builder_version=&#8221;3.27.4&#8243;]<a href=\"https:\/\/www.dynhestar.is\/?page_id=497&amp;lang=en\"><img loading=\"lazy\" decoding=\"async\" class=\"alignright wp-image-1763 size-full\" src=\"https:\/\/www.dynhestar.is\/wp-content\/uploads\/2018\/02\/brit.Flagge_klein.jpg\" alt=\"\" width=\"35\" height=\"20\" \/><\/a><br \/>\n[\/et_pb_text][et_pb_divider show_divider=&#8221;off&#8221; _builder_version=&#8221;3.2&#8243;][\/et_pb_divider][et_pb_image src=&#8221;https:\/\/www.dynhestar.is\/wp-content\/uploads\/2018\/02\/Facebook.jpg&#8221; url=&#8221;https:\/\/www.facebook.com\/pg\/Dynhestar-1212601468804935\/reviews\/&#8221; url_new_window=&#8221;on&#8221; align_tablet=&#8221;center&#8221; align_phone=&#8221;&#8221; align_last_edited=&#8221;on|desktop&#8221; admin_label=&#8221;Facebook-Image&#8221; _builder_version=&#8221;3.23&#8243; always_center_on_mobile=&#8221;on&#8221;][\/et_pb_image][\/et_pb_column][\/et_pb_row][\/et_pb_section][et_pb_section fb_built=&#8221;1&#8243; _builder_version=&#8221;3.22&#8243; background_image=&#8221;https:\/\/www.dynhestar.is\/wp-content\/uploads\/2018\/01\/grau.png&#8221;][et_pb_row column_structure=&#8221;1_4,1_4,1_4,1_4&#8243; _builder_version=&#8221;3.25&#8243;][et_pb_column type=&#8221;1_4&#8243; _builder_version=&#8221;3.25&#8243; custom_padding=&#8221;|||&#8221; custom_padding__hover=&#8221;|||&#8221;][et_pb_image src=&#8221;https:\/\/www.dynhestar.is\/wp-content\/uploads\/2019\/08\/DSC01274.jpg&#8221; align_tablet=&#8221;center&#8221; align_phone=&#8221;&#8221; align_last_edited=&#8221;on|desktop&#8221; _builder_version=&#8221;3.23&#8243; animation_style=&#8221;slide&#8221; animation_direction=&#8221;left&#8221; animation_duration=&#8221;500ms&#8221; animation_intensity_slide=&#8221;10%&#8221; always_center_on_mobile=&#8221;on&#8221;][\/et_pb_image][et_pb_text admin_label=&#8221;8 Tage&#8221; _builder_version=&#8221;3.27.4&#8243; use_background_color_gradient=&#8221;on&#8221; background_color_gradient_start=&#8221;#b5b3af&#8221; background_color_gradient_end=&#8221;#000000&#8243; background_image=&#8221;https:\/\/www.dynhestar.is\/wp-content\/uploads\/2018\/01\/grau.png&#8221;]<\/p>\n<h4><strong>8 TAGE \u2013 Wundersch\u00f6ne T\u00e4ler und atemberaubende Str\u00e4nde<\/strong><\/h4>\n<p>Die Tour geht durch eine Landschaft voller Lavafelder, Krater und T\u00e4ler mit unglaublichen Aussichten. Der weitl\u00e4ufige Sandstrand von L\u00f6ngufj\u00f6rur bietet optimale T\u00f6ltstrecken.<br \/>\n[\/et_pb_text][et_pb_button button_url=&#8221;https:\/\/www.dynhestar.is\/?page_id=1432&#8243; button_text=&#8221;mehr&#8221; button_alignment=&#8221;left&#8221; admin_label=&#8221;mehr&#8221; _builder_version=&#8221;3.16&#8243; custom_button=&#8221;on&#8221; button_text_size=&#8221;18&#8243; button_text_color=&#8221;#e02b20&#8243; button_border_width=&#8221;0&#8243; button_font=&#8221;Bitter||||&#8221; button_icon=&#8221;%%32%%&#8221; button_on_hover=&#8221;off&#8221; button_text_size__hover_enabled=&#8221;off&#8221; button_one_text_size__hover_enabled=&#8221;off&#8221; button_two_text_size__hover_enabled=&#8221;off&#8221; button_text_color__hover_enabled=&#8221;off&#8221; button_one_text_color__hover_enabled=&#8221;off&#8221; button_two_text_color__hover_enabled=&#8221;off&#8221; button_border_width__hover_enabled=&#8221;off&#8221; button_one_border_width__hover_enabled=&#8221;off&#8221; button_two_border_width__hover_enabled=&#8221;off&#8221; button_border_color__hover_enabled=&#8221;off&#8221; button_one_border_color__hover_enabled=&#8221;off&#8221; button_two_border_color__hover_enabled=&#8221;off&#8221; button_border_radius__hover_enabled=&#8221;off&#8221; button_one_border_radius__hover_enabled=&#8221;off&#8221; button_two_border_radius__hover_enabled=&#8221;off&#8221; button_letter_spacing__hover_enabled=&#8221;off&#8221; button_one_letter_spacing__hover_enabled=&#8221;off&#8221; button_two_letter_spacing__hover_enabled=&#8221;off&#8221; button_bg_color__hover_enabled=&#8221;off&#8221; button_one_bg_color__hover_enabled=&#8221;off&#8221; button_two_bg_color__hover_enabled=&#8221;off&#8221;][\/et_pb_button][\/et_pb_column][et_pb_column type=&#8221;1_4&#8243; _builder_version=&#8221;3.25&#8243; custom_padding=&#8221;|||&#8221; custom_padding__hover=&#8221;|||&#8221;][et_pb_image src=&#8221;https:\/\/www.dynhestar.is\/wp-content\/uploads\/2019\/08\/DSC09660.jpg&#8221; align_tablet=&#8221;center&#8221; align_phone=&#8221;&#8221; align_last_edited=&#8221;on|desktop&#8221; _builder_version=&#8221;3.23&#8243; animation_style=&#8221;slide&#8221; animation_direction=&#8221;left&#8221; animation_duration=&#8221;500ms&#8221; animation_intensity_slide=&#8221;10%&#8221; always_center_on_mobile=&#8221;on&#8221;][\/et_pb_image][et_pb_text admin_label=&#8221;7 Tage&#8221; _builder_version=&#8221;4.0.10&#8243;]<\/p>\n<h4><strong>7 TAGE &#8211; Faszinierende T\u00e4ler und gro\u00dfartige Berge<br \/><\/strong><\/h4>\n<p>Ein wundersch\u00f6ner Ritt durch vielf\u00e4ltige Landschaften der teils bewohnten, teils verlassenen Region &#8220;Dalir&#8221; (= die T\u00e4ler) mit unvergesslichen Aussichten und super Reitstrecken zum Endlos-T\u00f6lten!<\/p>\n<p>[\/et_pb_text][et_pb_button button_url=&#8221;https:\/\/www.dynhestar.is\/?page_id=1245&#8243; button_text=&#8221;mehr&#8221; button_alignment=&#8221;left&#8221; admin_label=&#8221;mehr&#8221; _builder_version=&#8221;3.16&#8243; custom_button=&#8221;on&#8221; button_text_size=&#8221;18&#8243; button_text_color=&#8221;#e02b20&#8243; button_border_width=&#8221;0&#8243; button_font=&#8221;Bitter||||&#8221; button_icon=&#8221;%%32%%&#8221; button_on_hover=&#8221;off&#8221; button_letter_spacing_hover=&#8221;0&#8243; button_text_size__hover_enabled=&#8221;off&#8221; button_one_text_size__hover_enabled=&#8221;off&#8221; button_two_text_size__hover_enabled=&#8221;off&#8221; button_text_color__hover_enabled=&#8221;off&#8221; button_one_text_color__hover_enabled=&#8221;off&#8221; button_two_text_color__hover_enabled=&#8221;off&#8221; button_border_width__hover_enabled=&#8221;off&#8221; button_one_border_width__hover_enabled=&#8221;off&#8221; button_two_border_width__hover_enabled=&#8221;off&#8221; button_border_color__hover_enabled=&#8221;off&#8221; button_one_border_color__hover_enabled=&#8221;off&#8221; button_two_border_color__hover_enabled=&#8221;off&#8221; button_border_radius__hover_enabled=&#8221;off&#8221; button_one_border_radius__hover_enabled=&#8221;off&#8221; button_two_border_radius__hover_enabled=&#8221;off&#8221; button_letter_spacing__hover_enabled=&#8221;on&#8221; button_letter_spacing__hover=&#8221;0&#8243; button_one_letter_spacing__hover_enabled=&#8221;off&#8221; button_two_letter_spacing__hover_enabled=&#8221;off&#8221; button_bg_color__hover_enabled=&#8221;off&#8221; button_one_bg_color__hover_enabled=&#8221;off&#8221; button_two_bg_color__hover_enabled=&#8221;off&#8221;][\/et_pb_button][\/et_pb_column][et_pb_column type=&#8221;1_4&#8243; _builder_version=&#8221;3.25&#8243; custom_padding=&#8221;|||&#8221; custom_padding__hover=&#8221;|||&#8221;][et_pb_image src=&#8221;https:\/\/www.dynhestar.is\/wp-content\/uploads\/2018\/01\/Herbstritt-2.jpg&#8221; align_tablet=&#8221;center&#8221; align_phone=&#8221;&#8221; align_last_edited=&#8221;on|desktop&#8221; _builder_version=&#8221;3.23&#8243; animation_style=&#8221;slide&#8221; animation_direction=&#8221;left&#8221; animation_duration=&#8221;500ms&#8221; animation_intensity_slide=&#8221;10%&#8221; always_center_on_mobile=&#8221;on&#8221;][\/et_pb_image][et_pb_text admin_label=&#8221;6 Tage&#8221; _builder_version=&#8221;4.0.10&#8243;]<\/p>\n<h4><strong>Unsere 6-Tagestour<\/strong><\/h4>\n<p>Im Herbst bieten wir eine Tour an, bei denen Sie isl\u00e4ndische Traditionen live erleben k\u00f6nnen: Pferdeabtrieb und Schafabtrieb als Herbstritt werden f\u00fcr Sie unvergessliche Erlebnisse sein!<\/p>\n<p>&nbsp;<\/p>\n<p>[\/et_pb_text][et_pb_button button_url=&#8221;https:\/\/www.dynhestar.is\/?page_id=1308&#8243; button_text=&#8221;mehr&#8221; button_alignment=&#8221;left&#8221; admin_label=&#8221;mehr&#8221; _builder_version=&#8221;4.0.10&#8243; custom_button=&#8221;on&#8221; button_text_size=&#8221;18&#8243; button_text_color=&#8221;#e02b20&#8243; button_border_width=&#8221;0&#8243; button_font=&#8221;Bitter||||&#8221; button_icon=&#8221;%%32%%&#8221; button_on_hover=&#8221;off&#8221; button_letter_spacing_hover=&#8221;0&#8243; button_text_size__hover_enabled=&#8221;off&#8221; button_one_text_size__hover_enabled=&#8221;off&#8221; button_two_text_size__hover_enabled=&#8221;off&#8221; button_text_color__hover_enabled=&#8221;off&#8221; button_one_text_color__hover_enabled=&#8221;off&#8221; button_two_text_color__hover_enabled=&#8221;off&#8221; button_border_width__hover_enabled=&#8221;off&#8221; button_one_border_width__hover_enabled=&#8221;off&#8221; button_two_border_width__hover_enabled=&#8221;off&#8221; button_border_color__hover_enabled=&#8221;off&#8221; button_one_border_color__hover_enabled=&#8221;off&#8221; button_two_border_color__hover_enabled=&#8221;off&#8221; button_border_radius__hover_enabled=&#8221;off&#8221; button_one_border_radius__hover_enabled=&#8221;off&#8221; button_two_border_radius__hover_enabled=&#8221;off&#8221; button_letter_spacing__hover_enabled=&#8221;on&#8221; button_letter_spacing__hover=&#8221;0&#8243; button_one_letter_spacing__hover_enabled=&#8221;off&#8221; button_two_letter_spacing__hover_enabled=&#8221;off&#8221; button_bg_color__hover_enabled=&#8221;off&#8221; button_one_bg_color__hover_enabled=&#8221;off&#8221; button_two_bg_color__hover_enabled=&#8221;off&#8221;][\/et_pb_button][\/et_pb_column][et_pb_column type=&#8221;1_4&#8243; _builder_version=&#8221;3.25&#8243; custom_padding=&#8221;|||&#8221; custom_padding__hover=&#8221;|||&#8221;][et_pb_image src=&#8221;https:\/\/www.dynhestar.is\/wp-content\/uploads\/2018\/02\/gruen.jpg&#8221; align_tablet=&#8221;center&#8221; align_phone=&#8221;&#8221; align_last_edited=&#8221;on|desktop&#8221; _builder_version=&#8221;4.0.10&#8243; animation_style=&#8221;slide&#8221; animation_direction=&#8221;left&#8221; animation_duration=&#8221;500ms&#8221; animation_intensity_slide=&#8221;10%&#8221; always_center_on_mobile=&#8221;on&#8221;][\/et_pb_image][et_pb_text admin_label=&#8221;5 Tage&#8221; _builder_version=&#8221;4.0.10&#8243;]<\/p>\n<h4><strong><span class=\"_4n-j _3cht fsl\" data-testid=\"event-permalink-details\">5 TAGE <\/span><span class=\"_4n-j _3cht fsl\" data-testid=\"event-permalink-details\">\u2013\u00a0<\/span>Kleine Dalir Tour<\/strong><\/h4>\n<p>Eine wundersch\u00f6ne Tour durch immer wechselnde Landschaft, Berge, T\u00e4ler, Meer und Watt in der Region Dalir (\u201edie T\u00e4ler\u201c).\u00a0<\/p>\n<p>&nbsp;<\/p>\n<p>[\/et_pb_text][et_pb_button button_url=&#8221;https:\/\/www.dynhestar.is\/?page_id=2611&#8243; button_text=&#8221;mehr &#8221; button_alignment=&#8221;left&#8221; admin_label=&#8221;mehr&#8221; _builder_version=&#8221;4.0.10&#8243; custom_button=&#8221;on&#8221; button_text_size=&#8221;18&#8243; button_text_color=&#8221;#e02b20&#8243; button_border_width=&#8221;0&#8243; button_font=&#8221;Bitter||||&#8221; button_icon=&#8221;%%32%%&#8221; button_on_hover=&#8221;off&#8221; button_letter_spacing_hover=&#8221;0&#8243; button_text_size__hover_enabled=&#8221;off&#8221; button_one_text_size__hover_enabled=&#8221;off&#8221; button_two_text_size__hover_enabled=&#8221;off&#8221; button_text_color__hover_enabled=&#8221;off&#8221; button_one_text_color__hover_enabled=&#8221;off&#8221; button_two_text_color__hover_enabled=&#8221;off&#8221; button_border_width__hover_enabled=&#8221;off&#8221; button_one_border_width__hover_enabled=&#8221;off&#8221; button_two_border_width__hover_enabled=&#8221;off&#8221; button_border_color__hover_enabled=&#8221;off&#8221; button_one_border_color__hover_enabled=&#8221;off&#8221; button_two_border_color__hover_enabled=&#8221;off&#8221; button_border_radius__hover_enabled=&#8221;off&#8221; button_one_border_radius__hover_enabled=&#8221;off&#8221; button_two_border_radius__hover_enabled=&#8221;off&#8221; button_letter_spacing__hover_enabled=&#8221;on&#8221; button_letter_spacing__hover=&#8221;0&#8243; button_one_letter_spacing__hover_enabled=&#8221;off&#8221; button_two_letter_spacing__hover_enabled=&#8221;off&#8221; button_bg_color__hover_enabled=&#8221;off&#8221; button_one_bg_color__hover_enabled=&#8221;off&#8221; button_two_bg_color__hover_enabled=&#8221;off&#8221;][\/et_pb_button][\/et_pb_column][\/et_pb_row][\/et_pb_section]<\/p>\n","protected":false},"excerpt":{"rendered":"<p>Dynhestar Reittouren Von Juni bis Oktober ist bei uns Hochbetrieb. Wir bieten in dieser Zeit verschiedenste Reittouren f\u00fcr erfahrene Reiter an. Je nach Gruppengr\u00f6\u00dfe nehmen wir bis zu 70 Reitpferde mit auf Tour. Die meisten davon sind aus eigener Zucht und von uns ausgebildet. Es ist uns ein besonderes Anliegen, f\u00fcr jeden Reiter das ideale [&hellip;]<\/p>\n","protected":false},"author":6,"featured_media":0,"parent":0,"menu_order":0,"comment_status":"closed","ping_status":"closed","template":"","meta":{"_et_pb_use_builder":"on","_et_pb_old_content":"","_et_gb_content_width":"","footnotes":""},"class_list":["post-1232","page","type-page","status-publish","hentry"],"_links":{"self":[{"href":"https:\/\/www.dynhestar.is\/index.php?rest_route=\/wp\/v2\/pages\/1232"}],"collection":[{"href":"https:\/\/www.dynhestar.is\/index.php?rest_route=\/wp\/v2\/pages"}],"about":[{"href":"https:\/\/www.dynhestar.is\/index.php?rest_route=\/wp\/v2\/types\/page"}],"author":[{"embeddable":true,"href":"https:\/\/www.dynhestar.is\/index.php?rest_route=\/wp\/v2\/users\/6"}],"replies":[{"embeddable":true,"href":"https:\/\/www.dynhestar.is\/index.php?rest_route=%2Fwp%2Fv2%2Fcomments&post=1232"}],"version-history":[{"count":27,"href":"https:\/\/www.dynhestar.is\/index.php?rest_route=\/wp\/v2\/pages\/1232\/revisions"}],"predecessor-version":[{"id":3067,"href":"https:\/\/www.dynhestar.is\/index.php?rest_route=\/wp\/v2\/pages\/1232\/revisions\/3067"}],"wp:attachment":[{"href":"https:\/\/www.dynhestar.is\/index.php?rest_route=%2Fwp%2Fv2%2Fmedia&parent=1232"}],"curies":[{"name":"wp","href":"https:\/\/api.w.org\/{rel}","templated":true}]}}