{"id":1214,"date":"2018-01-11T17:47:54","date_gmt":"2018-01-11T17:47:54","guid":{"rendered":"https:\/\/www.dynhestar.is\/?page_id=1214"},"modified":"2022-07-20T14:10:41","modified_gmt":"2022-07-20T14:10:41","slug":"dynhestar-2","status":"publish","type":"page","link":"https:\/\/www.dynhestar.is\/","title":{"rendered":"DYNHESTAR"},"content":{"rendered":"<p>[et_pb_section fb_built=&#8221;1&#8243; fullwidth=&#8221;on&#8221; _builder_version=&#8221;3.22&#8243; background_image=&#8221;https:\/\/www.dynhestar.is\/wp-content\/uploads\/2018\/01\/Testseite.jpg&#8221;][et_pb_fullwidth_header title=&#8221;Dynhestar&#8221; subhead=&#8221;Abenteuer mit Pferden&#8221; _builder_version=&#8221;3.16&#8243; title_font=&#8221;Open Sans Condensed||||||||&#8221; title_font_size=&#8221;80px&#8221; subhead_font=&#8221;Open Sans Condensed||||||||&#8221; subhead_font_size=&#8221;35px&#8221; background_color=&#8221;rgba(255, 255, 255, 0)&#8221; background_layout=&#8221;light&#8221; button_one_text_size__hover_enabled=&#8221;off&#8221; button_two_text_size__hover_enabled=&#8221;off&#8221; button_one_text_color__hover_enabled=&#8221;off&#8221; button_two_text_color__hover_enabled=&#8221;off&#8221; button_one_border_width__hover_enabled=&#8221;off&#8221; button_two_border_width__hover_enabled=&#8221;off&#8221; button_one_border_color__hover_enabled=&#8221;off&#8221; button_two_border_color__hover_enabled=&#8221;off&#8221; button_one_border_radius__hover_enabled=&#8221;off&#8221; button_two_border_radius__hover_enabled=&#8221;off&#8221; button_one_letter_spacing__hover_enabled=&#8221;off&#8221; button_two_letter_spacing__hover_enabled=&#8221;off&#8221; button_one_bg_color__hover_enabled=&#8221;off&#8221; button_two_bg_color__hover_enabled=&#8221;off&#8221;]&nbsp;<\/p>\n<p>&nbsp;<\/p>\n<p>&nbsp;<\/p>\n<p>&nbsp;<\/p>\n<p>&nbsp;<\/p>\n<p>&nbsp;<\/p>\n<p>&nbsp;<\/p>\n<p>&nbsp;<\/p>\n<p>&nbsp;<br \/>\n[\/et_pb_fullwidth_header][\/et_pb_section][et_pb_section fb_built=&#8221;1&#8243; _builder_version=&#8221;3.22&#8243;][et_pb_row column_structure=&#8221;3_4,1_4&#8243; _builder_version=&#8221;3.25&#8243; background_size=&#8221;initial&#8221; background_position=&#8221;top_left&#8221; background_repeat=&#8221;repeat&#8221;][et_pb_column type=&#8221;3_4&#8243; _builder_version=&#8221;3.25&#8243; custom_padding=&#8221;|||&#8221; custom_padding__hover=&#8221;|||&#8221;][et_pb_text _builder_version=&#8221;4.0.10&#8243; text_font_size=&#8221;16px&#8221;]<\/p>\n<h1>Dynhestar &#8211; Abenteuer mit Pferden in Island<\/h1>\n<p>&nbsp;<\/p>\n<p>Wir lieben es: das Hufgetrappel unserer Pferdeherde &#8211; dieses wundervolle Ger\u00e4usch, das f\u00fcr uns Abenteuer, Freiheit und die unendliche Weite der isl\u00e4ndischen Landschaft bedeutet. Daher kommt auch unser Name:<em> Dynhestar<\/em> (<em>dynur<\/em> bedeutet &#8216;ert\u00f6nen&#8217; und <em>hestar<\/em> hei\u00dft &#8216;Pferde&#8217;).<\/p>\n<p>Unsere Leidenschaft haben wir zum Beruf gemacht. Seit vielen Jahren bieten wir verschiedenste Reittouren an: vom 4-t\u00e4gigen Trip bis zur 8-Tagestour. Wir freuen uns darauf, unsere Passion mit Ihnen zu teilen und Ihnen unsere Heimat mit ihrer unber\u00fchrten Natur, ihren uralten Traditionen und sagen(!)haften Geschichten zu zeigen.<\/p>\n<p>&nbsp;<\/p>\n<p>&nbsp;<\/p>\n<p>[\/et_pb_text][\/et_pb_column][et_pb_column type=&#8221;1_4&#8243; _builder_version=&#8221;3.25&#8243; custom_padding=&#8221;|||&#8221; custom_padding__hover=&#8221;|||&#8221;][\/et_pb_column][\/et_pb_row][\/et_pb_section][et_pb_section fb_built=&#8221;1&#8243; _builder_version=&#8221;3.22&#8243; background_image=&#8221;https:\/\/www.dynhestar.is\/wp-content\/uploads\/2018\/01\/grau.png&#8221;][et_pb_row column_structure=&#8221;1_4,1_4,1_4,1_4&#8243; _builder_version=&#8221;3.25&#8243;][et_pb_column type=&#8221;1_4&#8243; _builder_version=&#8221;3.25&#8243; custom_padding=&#8221;|||&#8221; custom_padding__hover=&#8221;|||&#8221;][et_pb_image src=&#8221;https:\/\/www.dynhestar.is\/wp-content\/uploads\/2019\/08\/DSC01274.jpg&#8221; align_tablet=&#8221;center&#8221; align_phone=&#8221;&#8221; align_last_edited=&#8221;on|desktop&#8221; _builder_version=&#8221;3.23&#8243; animation_style=&#8221;slide&#8221; animation_direction=&#8221;left&#8221; animation_duration=&#8221;500ms&#8221; animation_intensity_slide=&#8221;10%&#8221; always_center_on_mobile=&#8221;on&#8221;][\/et_pb_image][et_pb_text admin_label=&#8221;8 Tage&#8221; _builder_version=&#8221;3.27.4&#8243; use_background_color_gradient=&#8221;on&#8221; background_color_gradient_start=&#8221;#b5b3af&#8221; background_color_gradient_end=&#8221;#000000&#8243; background_image=&#8221;https:\/\/www.dynhestar.is\/wp-content\/uploads\/2018\/01\/grau.png&#8221;]<\/p>\n<h4><strong>8 TAGE \u2013 Wundersch\u00f6ne T\u00e4ler und atemberaubende Str\u00e4nde<br \/>\n<\/strong><\/h4>\n<p>Die Tour geht durch eine Landschaft voller Lavafelder, Krater und T\u00e4ler mit unglaublichen Aussichten. Der weitl\u00e4ufige Sandstrand von L\u00f6ngufj\u00f6rur bietet optimale T\u00f6ltstrecken.<br \/>\n[\/et_pb_text][et_pb_button button_url=&#8221;https:\/\/www.dynhestar.is\/?page_id=1432&#8243; button_text=&#8221;mehr&#8221; button_alignment=&#8221;left&#8221; admin_label=&#8221;mehr&#8221; _builder_version=&#8221;3.16&#8243; custom_button=&#8221;on&#8221; button_text_size=&#8221;18&#8243; button_text_color=&#8221;#e02b20&#8243; button_border_width=&#8221;0&#8243; button_font=&#8221;Bitter||||&#8221; button_icon=&#8221;%%32%%&#8221; button_on_hover=&#8221;off&#8221; button_text_size__hover_enabled=&#8221;off&#8221; button_one_text_size__hover_enabled=&#8221;off&#8221; button_two_text_size__hover_enabled=&#8221;off&#8221; button_text_color__hover_enabled=&#8221;off&#8221; button_one_text_color__hover_enabled=&#8221;off&#8221; button_two_text_color__hover_enabled=&#8221;off&#8221; button_border_width__hover_enabled=&#8221;off&#8221; button_one_border_width__hover_enabled=&#8221;off&#8221; button_two_border_width__hover_enabled=&#8221;off&#8221; button_border_color__hover_enabled=&#8221;off&#8221; button_one_border_color__hover_enabled=&#8221;off&#8221; button_two_border_color__hover_enabled=&#8221;off&#8221; button_border_radius__hover_enabled=&#8221;off&#8221; button_one_border_radius__hover_enabled=&#8221;off&#8221; button_two_border_radius__hover_enabled=&#8221;off&#8221; button_letter_spacing__hover_enabled=&#8221;off&#8221; button_one_letter_spacing__hover_enabled=&#8221;off&#8221; button_two_letter_spacing__hover_enabled=&#8221;off&#8221; button_bg_color__hover_enabled=&#8221;off&#8221; button_one_bg_color__hover_enabled=&#8221;off&#8221; button_two_bg_color__hover_enabled=&#8221;off&#8221;][\/et_pb_button][\/et_pb_column][et_pb_column type=&#8221;1_4&#8243; _builder_version=&#8221;3.25&#8243; custom_padding=&#8221;|||&#8221; custom_padding__hover=&#8221;|||&#8221;][et_pb_image src=&#8221;https:\/\/www.dynhestar.is\/wp-content\/uploads\/2019\/08\/DSC09660.jpg&#8221; align_tablet=&#8221;center&#8221; align_phone=&#8221;&#8221; align_last_edited=&#8221;on|desktop&#8221; _builder_version=&#8221;3.23&#8243; animation_style=&#8221;slide&#8221; animation_direction=&#8221;left&#8221; animation_duration=&#8221;500ms&#8221; animation_intensity_slide=&#8221;10%&#8221; always_center_on_mobile=&#8221;on&#8221;][\/et_pb_image][et_pb_text admin_label=&#8221;7 Tage&#8221; _builder_version=&#8221;4.0.10&#8243;]<\/p>\n<h4><strong>7 TAGE &#8211; Faszinierende T\u00e4ler und gro\u00dfartige Berge<br \/><\/strong><\/h4>\n<p>Ein wundersch\u00f6ner Ritt durch vielf\u00e4ltige Landschaften der teils bewohnten, teils verlassenen Region &#8220;Dalir&#8221; (= die T\u00e4ler) mit unvergesslichen Aussichten und super Reitstrecken zum Endlos-T\u00f6lten!<\/p>\n<p>[\/et_pb_text][et_pb_button button_url=&#8221;https:\/\/www.dynhestar.is\/?page_id=1245&#8243; button_text=&#8221;mehr&#8221; button_alignment=&#8221;left&#8221; admin_label=&#8221;mehr&#8221; _builder_version=&#8221;3.16&#8243; custom_button=&#8221;on&#8221; button_text_size=&#8221;18&#8243; button_text_color=&#8221;#e02b20&#8243; button_border_width=&#8221;0&#8243; button_font=&#8221;Bitter||||&#8221; button_icon=&#8221;%%32%%&#8221; button_on_hover=&#8221;off&#8221; button_letter_spacing_hover=&#8221;0&#8243; button_text_size__hover_enabled=&#8221;off&#8221; button_one_text_size__hover_enabled=&#8221;off&#8221; button_two_text_size__hover_enabled=&#8221;off&#8221; button_text_color__hover_enabled=&#8221;off&#8221; button_one_text_color__hover_enabled=&#8221;off&#8221; button_two_text_color__hover_enabled=&#8221;off&#8221; button_border_width__hover_enabled=&#8221;off&#8221; button_one_border_width__hover_enabled=&#8221;off&#8221; button_two_border_width__hover_enabled=&#8221;off&#8221; button_border_color__hover_enabled=&#8221;off&#8221; button_one_border_color__hover_enabled=&#8221;off&#8221; button_two_border_color__hover_enabled=&#8221;off&#8221; button_border_radius__hover_enabled=&#8221;off&#8221; button_one_border_radius__hover_enabled=&#8221;off&#8221; button_two_border_radius__hover_enabled=&#8221;off&#8221; button_letter_spacing__hover_enabled=&#8221;on&#8221; button_letter_spacing__hover=&#8221;0&#8243; button_one_letter_spacing__hover_enabled=&#8221;off&#8221; button_two_letter_spacing__hover_enabled=&#8221;off&#8221; button_bg_color__hover_enabled=&#8221;off&#8221; button_one_bg_color__hover_enabled=&#8221;off&#8221; button_two_bg_color__hover_enabled=&#8221;off&#8221;][\/et_pb_button][\/et_pb_column][et_pb_column type=&#8221;1_4&#8243; _builder_version=&#8221;3.25&#8243; custom_padding=&#8221;|||&#8221; custom_padding__hover=&#8221;|||&#8221;][et_pb_image src=&#8221;https:\/\/www.dynhestar.is\/wp-content\/uploads\/2018\/02\/Herbstritt.jpg&#8221; align_tablet=&#8221;center&#8221; align_phone=&#8221;&#8221; align_last_edited=&#8221;on|desktop&#8221; _builder_version=&#8221;3.23&#8243; animation_style=&#8221;slide&#8221; animation_direction=&#8221;left&#8221; animation_duration=&#8221;500ms&#8221; animation_intensity_slide=&#8221;10%&#8221; always_center_on_mobile=&#8221;on&#8221;][\/et_pb_image][et_pb_text admin_label=&#8221;6 Tage&#8221; _builder_version=&#8221;4.0.10&#8243; hover_enabled=&#8221;0&#8243;]<\/p>\n<h4><strong>Unsere 6-Tagestouren<\/strong><\/h4>\n<p>Im Herbst k\u00f6nnen Sie bei uns isl\u00e4ndische Traditionen live erleben: Pferdeabtrieb, Schafabtrieb und Herbstritt werden f\u00fcr Sie unvergessliche Erlebnisse sein!<\/p>\n<p>&nbsp;<\/p>\n<p>[\/et_pb_text][et_pb_button button_url=&#8221;https:\/\/www.dynhestar.is\/?page_id=1262&#8243; button_text=&#8221;mehr&#8221; button_alignment=&#8221;left&#8221; admin_label=&#8221;mehr&#8221; _builder_version=&#8221;3.16&#8243; custom_button=&#8221;on&#8221; button_text_size=&#8221;18&#8243; button_text_color=&#8221;#e02b20&#8243; button_border_width=&#8221;0&#8243; button_font=&#8221;Bitter||||&#8221; button_icon=&#8221;%%32%%&#8221; button_on_hover=&#8221;off&#8221; button_letter_spacing_hover=&#8221;0&#8243; button_text_size__hover_enabled=&#8221;off&#8221; button_one_text_size__hover_enabled=&#8221;off&#8221; button_two_text_size__hover_enabled=&#8221;off&#8221; button_text_color__hover_enabled=&#8221;off&#8221; button_one_text_color__hover_enabled=&#8221;off&#8221; button_two_text_color__hover_enabled=&#8221;off&#8221; button_border_width__hover_enabled=&#8221;off&#8221; button_one_border_width__hover_enabled=&#8221;off&#8221; button_two_border_width__hover_enabled=&#8221;off&#8221; button_border_color__hover_enabled=&#8221;off&#8221; button_one_border_color__hover_enabled=&#8221;off&#8221; button_two_border_color__hover_enabled=&#8221;off&#8221; button_border_radius__hover_enabled=&#8221;off&#8221; button_one_border_radius__hover_enabled=&#8221;off&#8221; button_two_border_radius__hover_enabled=&#8221;off&#8221; button_letter_spacing__hover_enabled=&#8221;on&#8221; button_letter_spacing__hover=&#8221;0&#8243; button_one_letter_spacing__hover_enabled=&#8221;off&#8221; button_two_letter_spacing__hover_enabled=&#8221;off&#8221; button_bg_color__hover_enabled=&#8221;off&#8221; button_one_bg_color__hover_enabled=&#8221;off&#8221; button_two_bg_color__hover_enabled=&#8221;off&#8221;][\/et_pb_button][\/et_pb_column][et_pb_column type=&#8221;1_4&#8243; _builder_version=&#8221;3.25&#8243; custom_padding=&#8221;|||&#8221; custom_padding__hover=&#8221;|||&#8221;][et_pb_image src=&#8221;https:\/\/www.dynhestar.is\/wp-content\/uploads\/2019\/08\/DSC01372.jpg&#8221; align_tablet=&#8221;center&#8221; align_phone=&#8221;&#8221; align_last_edited=&#8221;on|desktop&#8221; _builder_version=&#8221;3.23&#8243; animation_style=&#8221;slide&#8221; animation_direction=&#8221;left&#8221; animation_duration=&#8221;500ms&#8221; animation_intensity_slide=&#8221;10%&#8221; always_center_on_mobile=&#8221;on&#8221;][\/et_pb_image][et_pb_text admin_label=&#8221;4 Tage&#8221; _builder_version=&#8221;3.27.4&#8243;]<\/p>\n<h4><strong><span class=\"_4n-j _3cht fsl\" data-testid=\"event-permalink-details\">4\u00a0TAGE <\/span><span class=\"_4n-j _3cht fsl\" data-testid=\"event-permalink-details\">&#8211;\u00a0<\/span>Sehr viel T\u00f6lt an wundersch\u00f6nen Str\u00e4nden<\/strong><\/h4>\n<p>Es warten vier umwerfende Tage auf Sie. Wir reiten entlang der K\u00fcste auf weissem Strand. Hervorragende T\u00f6ltstrecken bieten zahlreiche M\u00f6glichkeiten.<\/p>\n<p>&nbsp;<br \/>\n[\/et_pb_text][et_pb_button button_url=&#8221;https:\/\/www.dynhestar.is\/?page_id=1257&#038;preview=true&#8221; button_text=&#8221;mehr &#8221; button_alignment=&#8221;left&#8221; admin_label=&#8221;mehr&#8221; _builder_version=&#8221;3.16&#8243; custom_button=&#8221;on&#8221; button_text_size=&#8221;18&#8243; button_text_color=&#8221;#e02b20&#8243; button_border_width=&#8221;0&#8243; button_font=&#8221;Bitter||||&#8221; button_icon=&#8221;%%32%%&#8221; button_on_hover=&#8221;off&#8221; button_letter_spacing_hover=&#8221;0&#8243; button_text_size__hover_enabled=&#8221;off&#8221; button_one_text_size__hover_enabled=&#8221;off&#8221; button_two_text_size__hover_enabled=&#8221;off&#8221; button_text_color__hover_enabled=&#8221;off&#8221; button_one_text_color__hover_enabled=&#8221;off&#8221; button_two_text_color__hover_enabled=&#8221;off&#8221; button_border_width__hover_enabled=&#8221;off&#8221; button_one_border_width__hover_enabled=&#8221;off&#8221; button_two_border_width__hover_enabled=&#8221;off&#8221; button_border_color__hover_enabled=&#8221;off&#8221; button_one_border_color__hover_enabled=&#8221;off&#8221; button_two_border_color__hover_enabled=&#8221;off&#8221; button_border_radius__hover_enabled=&#8221;off&#8221; button_one_border_radius__hover_enabled=&#8221;off&#8221; button_two_border_radius__hover_enabled=&#8221;off&#8221; button_letter_spacing__hover_enabled=&#8221;on&#8221; button_letter_spacing__hover=&#8221;0&#8243; button_one_letter_spacing__hover_enabled=&#8221;off&#8221; button_two_letter_spacing__hover_enabled=&#8221;off&#8221; button_bg_color__hover_enabled=&#8221;off&#8221; button_one_bg_color__hover_enabled=&#8221;off&#8221; button_two_bg_color__hover_enabled=&#8221;off&#8221;][\/et_pb_button][\/et_pb_column][\/et_pb_row][\/et_pb_section]<\/p>\n","protected":false},"excerpt":{"rendered":"<p>&nbsp; &nbsp; &nbsp; &nbsp; &nbsp; &nbsp; &nbsp; &nbsp; &nbsp; Dynhestar &#8211; Abenteuer mit Pferden in Island &nbsp; Wir lieben es: das Hufgetrappel unserer Pferdeherde &#8211; dieses wundervolle Ger\u00e4usch, das f\u00fcr uns Abenteuer, Freiheit und die unendliche Weite der isl\u00e4ndischen Landschaft bedeutet. Daher kommt auch unser Name: Dynhestar (dynur bedeutet &#8216;ert\u00f6nen&#8217; und hestar hei\u00dft &#8216;Pferde&#8217;). Unsere [&hellip;]<\/p>\n","protected":false},"author":4,"featured_media":2149,"parent":0,"menu_order":1,"comment_status":"closed","ping_status":"closed","template":"","meta":{"_et_pb_use_builder":"on","_et_pb_old_content":"","_et_gb_content_width":"","footnotes":""},"class_list":["post-1214","page","type-page","status-publish","has-post-thumbnail","hentry"],"_links":{"self":[{"href":"https:\/\/www.dynhestar.is\/index.php?rest_route=\/wp\/v2\/pages\/1214"}],"collection":[{"href":"https:\/\/www.dynhestar.is\/index.php?rest_route=\/wp\/v2\/pages"}],"about":[{"href":"https:\/\/www.dynhestar.is\/index.php?rest_route=\/wp\/v2\/types\/page"}],"author":[{"embeddable":true,"href":"https:\/\/www.dynhestar.is\/index.php?rest_route=\/wp\/v2\/users\/4"}],"replies":[{"embeddable":true,"href":"https:\/\/www.dynhestar.is\/index.php?rest_route=%2Fwp%2Fv2%2Fcomments&post=1214"}],"version-history":[{"count":36,"href":"https:\/\/www.dynhestar.is\/index.php?rest_route=\/wp\/v2\/pages\/1214\/revisions"}],"predecessor-version":[{"id":2796,"href":"https:\/\/www.dynhestar.is\/index.php?rest_route=\/wp\/v2\/pages\/1214\/revisions\/2796"}],"wp:featuredmedia":[{"embeddable":true,"href":"https:\/\/www.dynhestar.is\/index.php?rest_route=\/wp\/v2\/media\/2149"}],"wp:attachment":[{"href":"https:\/\/www.dynhestar.is\/index.php?rest_route=%2Fwp%2Fv2%2Fmedia&parent=1214"}],"curies":[{"name":"wp","href":"https:\/\/api.w.org\/{rel}","templated":true}]}}