{"id":1209,"date":"2018-01-11T17:04:53","date_gmt":"2018-01-11T17:04:53","guid":{"rendered":"https:\/\/www.dynhestar.is\/?page_id=1209"},"modified":"2018-09-13T15:26:25","modified_gmt":"2018-09-13T15:26:25","slug":"kontakt","status":"publish","type":"page","link":"https:\/\/www.dynhestar.is\/?page_id=1209","title":{"rendered":"KONTAKT"},"content":{"rendered":"<p>[et_pb_section bb_built=&#8221;1&#8243; fullwidth=&#8221;on&#8221; specialty=&#8221;off&#8221;][et_pb_fullwidth_image _builder_version=&#8221;3.0.97&#8243; src=&#8221;https:\/\/www.dynhestar.is\/wp-content\/uploads\/2018\/02\/Bjargsholl_Slider.jpg&#8221; show_in_lightbox=&#8221;off&#8221; url_new_window=&#8221;off&#8221; use_overlay=&#8221;off&#8221; \/][\/et_pb_section][et_pb_section bb_built=&#8221;1&#8243; fullwidth=&#8221;off&#8221; specialty=&#8221;off&#8221; _builder_version=&#8221;3.0.97&#8243;][et_pb_row][et_pb_column type=&#8221;1_3&#8243;][et_pb_text _builder_version=&#8221;3.0.100&#8243; background_layout=&#8221;light&#8221;]<\/p>\n<p>Wir sind auf der Farm <strong>&#8220;Bjargsh\u00f3ll&#8221;<\/strong> im Nordwesten Islands beihametet.<br \/>\nUnser Hof ist etwa 2,5 Autostunden von Reykjav\u00edk entfernt. Sie erreichen uns \u00fcber die Ringstra\u00dfe (Route 1), von wo aus Sie \u00fcber die Stra\u00dfe 704 unmittelbar zum Hof gelangen.<\/p>\n<p>&nbsp;<\/p>\n<h3>Buchungsanfragen<\/h3>\n<p>k\u00f6nnen Sie gern per Mail an<br \/>\n<a href=\"mailto:dynhestar@dynhestar.is\"><strong>dynhestar@dynhestar.is<\/strong><\/a><br \/>\nrichten. Gerne geben wir bei Fragen auch telefonisch Auskunft:<br \/>\n<strong><span id=\"et-info-phone\">+354 8612369<\/span><\/strong><\/p>\n<p><strong>Wir freuen uns auf Sie!<\/strong><\/p>\n<p>[\/et_pb_text][\/et_pb_column][et_pb_column type=&#8221;2_3&#8243;][et_pb_map _builder_version=&#8221;3.0.97&#8243; address=&#8221;Island&#8221; zoom_level=&#8221;7&#8243; address_lat=&#8221;65.00254209694535&#8243; address_lng=&#8221;-18.663779335937527&#8243; mouse_wheel=&#8221;on&#8221; mobile_dragging=&#8221;on&#8221; use_grayscale_filter=&#8221;off&#8221;][et_pb_map_pin _builder_version=&#8221;3.0.97&#8243; title=&#8221;Dynhestar Heimathof %22Bjargsh\u00f3ll%22&#8243; pin_address=&#8221;Mi\u00f0fjar\u00f0arvegur, Laugarbakki, Island&#8221; pin_address_lat=&#8221;65.2468796&#8243; pin_address_lng=&#8221;-20.821720700000014&#8243; \/][\/et_pb_map][\/et_pb_column][\/et_pb_row][\/et_pb_section]<\/p>\n","protected":false},"excerpt":{"rendered":"<p><div class=\"et_pb_row et_pb_row_0 et_pb_row_empty\">\n\t\t\t\t\n\t\t\t\t\n\t\t\t\t\n\t\t\t\t\n\t\t\t\t\n\t\t\t<\/div> Wir sind auf der Farm &#8220;Bjargsh\u00f3ll&#8221; im Nordwesten Islands beihametet. Unser Hof ist etwa 2,5 Autostunden von Reykjav\u00edk entfernt. Sie erreichen uns \u00fcber die Ringstra\u00dfe (Route 1), von wo aus Sie \u00fcber die Stra\u00dfe 704 unmittelbar zum Hof gelangen. &nbsp; Buchungsanfragen k\u00f6nnen Sie gern per Mail an dynhestar@dynhestar.is richten. Gerne geben wir bei Fragen [&hellip;]<\/p>\n","protected":false},"author":4,"featured_media":0,"parent":0,"menu_order":0,"comment_status":"closed","ping_status":"closed","template":"","meta":{"_et_pb_use_builder":"on","_et_pb_old_content":"","_et_gb_content_width":"","footnotes":""},"class_list":["post-1209","page","type-page","status-publish","hentry"],"_links":{"self":[{"href":"https:\/\/www.dynhestar.is\/index.php?rest_route=\/wp\/v2\/pages\/1209"}],"collection":[{"href":"https:\/\/www.dynhestar.is\/index.php?rest_route=\/wp\/v2\/pages"}],"about":[{"href":"https:\/\/www.dynhestar.is\/index.php?rest_route=\/wp\/v2\/types\/page"}],"author":[{"embeddable":true,"href":"https:\/\/www.dynhestar.is\/index.php?rest_route=\/wp\/v2\/users\/4"}],"replies":[{"embeddable":true,"href":"https:\/\/www.dynhestar.is\/index.php?rest_route=%2Fwp%2Fv2%2Fcomments&post=1209"}],"version-history":[{"count":9,"href":"https:\/\/www.dynhestar.is\/index.php?rest_route=\/wp\/v2\/pages\/1209\/revisions"}],"predecessor-version":[{"id":1809,"href":"https:\/\/www.dynhestar.is\/index.php?rest_route=\/wp\/v2\/pages\/1209\/revisions\/1809"}],"wp:attachment":[{"href":"https:\/\/www.dynhestar.is\/index.php?rest_route=%2Fwp%2Fv2%2Fmedia&parent=1209"}],"curies":[{"name":"wp","href":"https:\/\/api.w.org\/{rel}","templated":true}]}}