{"id":1051,"date":"2017-11-08T11:22:00","date_gmt":"2017-11-08T11:22:00","guid":{"rendered":"https:\/\/www.dynhestar.is\/?page_id=1051"},"modified":"2023-10-06T09:57:22","modified_gmt":"2023-10-06T09:57:22","slug":"riding-tours-2test-3","status":"publish","type":"page","link":"https:\/\/www.dynhestar.is\/?page_id=1051&lang=en","title":{"rendered":"7 Days Riding tours"},"content":{"rendered":"<p>[et_pb_section fb_built=&#8221;1&#8243; fullwidth=&#8221;on&#8221; _builder_version=&#8221;3.22&#8243; background_image=&#8221;https:\/\/www.dynhestar.is\/wp-content\/uploads\/2018\/01\/6-Tage_Slider-1.jpg&#8221;][et_pb_fullwidth_header title=&#8221;Dalir trip &#8211; 7 days&#8221; text_orientation=&#8221;center&#8221; _builder_version=&#8221;4.0.10&#8243; title_font=&#8221;Open Sans Condensed||||||||&#8221; title_font_size=&#8221;60px&#8221; background_color=&#8221;rgba(255, 255, 255, 0)&#8221; background_layout=&#8221;light&#8221; button_one_text_size__hover_enabled=&#8221;off&#8221; button_two_text_size__hover_enabled=&#8221;off&#8221; button_one_text_color__hover_enabled=&#8221;off&#8221; button_two_text_color__hover_enabled=&#8221;off&#8221; button_one_border_width__hover_enabled=&#8221;off&#8221; button_two_border_width__hover_enabled=&#8221;off&#8221; button_one_border_color__hover_enabled=&#8221;off&#8221; button_two_border_color__hover_enabled=&#8221;off&#8221; button_one_border_radius__hover_enabled=&#8221;off&#8221; button_two_border_radius__hover_enabled=&#8221;off&#8221; button_one_letter_spacing__hover_enabled=&#8221;off&#8221; button_two_letter_spacing__hover_enabled=&#8221;off&#8221; button_one_bg_color__hover_enabled=&#8221;off&#8221; button_two_bg_color__hover_enabled=&#8221;off&#8221;]&nbsp;<\/p>\n<p>&nbsp;<\/p>\n<p>&nbsp;<\/p>\n<p>&nbsp;<\/p>\n<p>&nbsp;<\/p>\n<p>&nbsp;<\/p>\n<p>&nbsp;<br \/>\n[\/et_pb_fullwidth_header][\/et_pb_section][et_pb_section fb_built=&#8221;1&#8243; _builder_version=&#8221;3.22&#8243;][et_pb_row column_structure=&#8221;2_3,1_3&#8243; _builder_version=&#8221;3.25&#8243; background_size=&#8221;initial&#8221; background_position=&#8221;top_left&#8221; background_repeat=&#8221;repeat&#8221;][et_pb_column type=&#8221;2_3&#8243; _builder_version=&#8221;3.25&#8243; custom_padding=&#8221;|||&#8221; custom_padding__hover=&#8221;|||&#8221;][et_pb_text _builder_version=&#8221;4.0.10&#8243;]<\/p>\n<h3>Amazing valleys and great mountains<\/h3>\n<table style=\"height: 132px;\" width=\"568\">\n<tbody>\n<tr>\n<td width=\"125\">Datum<\/td>\n<td width=\"130\">Details coming soon<\/td>\n<\/tr>\n<tr>\n<td width=\"125\">\n<p class=\"Normal tm5\"><strong>06.07 \u2013 12.07.2024<\/strong><\/p>\n<\/td>\n<td width=\"130\">\u00a0Bjargsh\u00f3ll \u2013 Dalir (sold out)<\/td>\n<\/tr>\n<tr>\n<td width=\"125\">\n<p class=\"Normal tm5\"><strong>10.08 &#8211; 16.08.2024<\/strong><\/p>\n<\/td>\n<td width=\"130\">\u00a0Dalir \u2013 Bjargsh\u00f3ll (sold out)<\/td>\n<\/tr>\n<\/tbody>\n<\/table>\n<p>A beautiful trip through ever changing scenery in both inhabited and abandoned valleys of the region \u201eDalir\u201c (The Valleys) with unbelievable view and very good riding tracks to enjoy the T\u00f6lt!\u00a0<\/p>\n<p>ATTENTION<\/p>\n<ul>\n<li>First day is the arrival day and already included in this planning. Riding starts on the second day<\/li>\n<li>Individual travel insurance is not included in the tour price.<br \/>We encourage clients to obtain relevant travel insurance before visiting Iceland.<\/li>\n<li>Flight to and from Iceland is not included.<\/li>\n<\/ul>\n<p>[\/et_pb_text][\/et_pb_column][et_pb_column type=&#8221;1_3&#8243; _builder_version=&#8221;3.25&#8243; custom_padding=&#8221;|||&#8221; custom_padding__hover=&#8221;|||&#8221;][et_pb_toggle title=&#8221;Good to know&#8221; open=&#8221;on&#8221; open_toggle_text_color=&#8221;#ffffff&#8221; open_toggle_background_color=&#8221;#7aa3c1&#8243; closed_toggle_text_color=&#8221;#ffffff&#8221; closed_toggle_background_color=&#8221;#7aa3c1&#8243; icon_color=&#8221;#ffffff&#8221; _builder_version=&#8221;4.0.10&#8243; title_text_color=&#8221;#ffffff&#8221; title_font=&#8221;|700|||||||&#8221; body_text_color=&#8221;#ffffff&#8221; text_orientation=&#8221;left&#8221; hover_enabled=&#8221;0&#8243; border_radii=&#8221;on|20px|20px|20px|20px&#8221; saved_tabs=&#8221;all&#8221;]<\/p>\n<div class=\"et_pb_toggle_content clearfix\">\n<p><strong>Category:<\/strong> Advanced riders<br \/><strong>Dates:<\/strong> Different dates see table<br \/><strong>Meeting place: <\/strong>201\u00a0Hotel\u00a0Keflavik. Accommodation after the ride is to be arranged individually.<br \/><b>Price: 2600 \u20ac<\/b><\/p>\n<\/div>\n<p>[\/et_pb_toggle][\/et_pb_column][\/et_pb_row][et_pb_row column_structure=&#8221;1_2,1_2&#8243; _builder_version=&#8221;3.25&#8243; background_size=&#8221;initial&#8221; background_position=&#8221;top_left&#8221; background_repeat=&#8221;repeat&#8221;][et_pb_column type=&#8221;1_2&#8243; _builder_version=&#8221;3.25&#8243; custom_padding=&#8221;|||&#8221; custom_padding__hover=&#8221;|||&#8221;][et_pb_code]\r\n\t<div class=\"aigpl-gallery-slider-wrp \">\r\n\t\t<div class=\"aigpl-gallery aigpl-gallery-wrp aigpl-gallery-slider aigpl-clearfix aigpl-design-1 aigpl-popup-gallery\" id=\"aigpl-gallery-1\">\r\n\t\t\r\n<div class=\"aigpl-slider-slide aigpl-cnt-wrp\" data-item-index=\"1\">\r\n\t<div class=\"aigpl-inr-wrp\">\r\n\t\t<div class=\"aigpl-img-wrp\" style=\"\">\r\n\r\n\t\t\t\t\t\t\t\t<a class=\"aigpl-img-link\" data-mfp-src=\"https:\/\/www.dynhestar.is\/wp-content\/uploads\/2018\/02\/DSC05232-1.jpg\" href=\"javascript:void(0);\" target=\"_self\">\r\n\t\t\t\t\t\t<img decoding=\"async\" class=\"aigpl-img\"  src=\"https:\/\/www.dynhestar.is\/wp-content\/uploads\/2018\/02\/DSC05232-1.jpg\" alt=\"\" \/>\r\n\t\t\t\t\t<\/a>\r\n\t\t\t\t\t\t<\/div>\r\n\r\n\t\t\t<\/div>\r\n<\/div>\r\n<div class=\"aigpl-slider-slide aigpl-cnt-wrp\" data-item-index=\"2\">\r\n\t<div class=\"aigpl-inr-wrp\">\r\n\t\t<div class=\"aigpl-img-wrp\" style=\"\">\r\n\r\n\t\t\t\t\t\t\t\t<a class=\"aigpl-img-link\" data-mfp-src=\"https:\/\/www.dynhestar.is\/wp-content\/uploads\/2018\/02\/DSC05178-1.jpg\" href=\"javascript:void(0);\" target=\"_self\">\r\n\t\t\t\t\t\t<img decoding=\"async\" class=\"aigpl-img\"  src=\"https:\/\/www.dynhestar.is\/wp-content\/uploads\/2018\/02\/DSC05178-1.jpg\" alt=\"\" \/>\r\n\t\t\t\t\t<\/a>\r\n\t\t\t\t\t\t<\/div>\r\n\r\n\t\t\t<\/div>\r\n<\/div>\r\n<div class=\"aigpl-slider-slide aigpl-cnt-wrp\" data-item-index=\"3\">\r\n\t<div class=\"aigpl-inr-wrp\">\r\n\t\t<div class=\"aigpl-img-wrp\" style=\"\">\r\n\r\n\t\t\t\t\t\t\t\t<a class=\"aigpl-img-link\" data-mfp-src=\"https:\/\/www.dynhestar.is\/wp-content\/uploads\/2017\/04\/15_3.jpg\" href=\"javascript:void(0);\" target=\"_self\">\r\n\t\t\t\t\t\t<img decoding=\"async\" class=\"aigpl-img\"  src=\"https:\/\/www.dynhestar.is\/wp-content\/uploads\/2017\/04\/15_3.jpg\" alt=\"\" \/>\r\n\t\t\t\t\t<\/a>\r\n\t\t\t\t\t\t<\/div>\r\n\r\n\t\t\t<\/div>\r\n<\/div>\r\n<div class=\"aigpl-slider-slide aigpl-cnt-wrp\" data-item-index=\"4\">\r\n\t<div class=\"aigpl-inr-wrp\">\r\n\t\t<div class=\"aigpl-img-wrp\" style=\"\">\r\n\r\n\t\t\t\t\t\t\t\t<a class=\"aigpl-img-link\" data-mfp-src=\"https:\/\/www.dynhestar.is\/wp-content\/uploads\/2017\/04\/15_9.jpg\" href=\"javascript:void(0);\" target=\"_self\">\r\n\t\t\t\t\t\t<img decoding=\"async\" class=\"aigpl-img\"  src=\"https:\/\/www.dynhestar.is\/wp-content\/uploads\/2017\/04\/15_9.jpg\" alt=\"\" \/>\r\n\t\t\t\t\t<\/a>\r\n\t\t\t\t\t\t<\/div>\r\n\r\n\t\t\t<\/div>\r\n<\/div>\r\n<div class=\"aigpl-slider-slide aigpl-cnt-wrp\" data-item-index=\"5\">\r\n\t<div class=\"aigpl-inr-wrp\">\r\n\t\t<div class=\"aigpl-img-wrp\" style=\"\">\r\n\r\n\t\t\t\t\t\t\t\t<a class=\"aigpl-img-link\" data-mfp-src=\"https:\/\/www.dynhestar.is\/wp-content\/uploads\/2018\/02\/P1040341-1.jpg\" href=\"javascript:void(0);\" target=\"_self\">\r\n\t\t\t\t\t\t<img decoding=\"async\" class=\"aigpl-img\"  src=\"https:\/\/www.dynhestar.is\/wp-content\/uploads\/2018\/02\/P1040341-1.jpg\" alt=\"\" \/>\r\n\t\t\t\t\t<\/a>\r\n\t\t\t\t\t\t<\/div>\r\n\r\n\t\t\t<\/div>\r\n<\/div>\r\n<div class=\"aigpl-slider-slide aigpl-cnt-wrp\" data-item-index=\"6\">\r\n\t<div class=\"aigpl-inr-wrp\">\r\n\t\t<div class=\"aigpl-img-wrp\" style=\"\">\r\n\r\n\t\t\t\t\t\t\t\t<a class=\"aigpl-img-link\" data-mfp-src=\"https:\/\/www.dynhestar.is\/wp-content\/uploads\/2019\/08\/DSC09645.jpg\" href=\"javascript:void(0);\" target=\"_self\">\r\n\t\t\t\t\t\t<img decoding=\"async\" class=\"aigpl-img\"  src=\"https:\/\/www.dynhestar.is\/wp-content\/uploads\/2019\/08\/DSC09645.jpg\" alt=\"\" \/>\r\n\t\t\t\t\t<\/a>\r\n\t\t\t\t\t\t<\/div>\r\n\r\n\t\t\t<\/div>\r\n<\/div>\r\n<div class=\"aigpl-slider-slide aigpl-cnt-wrp\" data-item-index=\"7\">\r\n\t<div class=\"aigpl-inr-wrp\">\r\n\t\t<div class=\"aigpl-img-wrp\" style=\"\">\r\n\r\n\t\t\t\t\t\t\t\t<a class=\"aigpl-img-link\" data-mfp-src=\"https:\/\/www.dynhestar.is\/wp-content\/uploads\/2019\/08\/DSC00208.jpg\" href=\"javascript:void(0);\" target=\"_self\">\r\n\t\t\t\t\t\t<img decoding=\"async\" class=\"aigpl-img\"  src=\"https:\/\/www.dynhestar.is\/wp-content\/uploads\/2019\/08\/DSC00208.jpg\" alt=\"\" \/>\r\n\t\t\t\t\t<\/a>\r\n\t\t\t\t\t\t<\/div>\r\n\r\n\t\t\t<\/div>\r\n<\/div>\r\n<div class=\"aigpl-slider-slide aigpl-cnt-wrp\" data-item-index=\"8\">\r\n\t<div class=\"aigpl-inr-wrp\">\r\n\t\t<div class=\"aigpl-img-wrp\" style=\"\">\r\n\r\n\t\t\t\t\t\t\t\t<a class=\"aigpl-img-link\" data-mfp-src=\"https:\/\/www.dynhestar.is\/wp-content\/uploads\/2019\/08\/DSC00196.jpg\" href=\"javascript:void(0);\" target=\"_self\">\r\n\t\t\t\t\t\t<img decoding=\"async\" class=\"aigpl-img\"  src=\"https:\/\/www.dynhestar.is\/wp-content\/uploads\/2019\/08\/DSC00196.jpg\" alt=\"\" \/>\r\n\t\t\t\t\t<\/a>\r\n\t\t\t\t\t\t<\/div>\r\n\r\n\t\t\t<\/div>\r\n<\/div>\r\n<div class=\"aigpl-slider-slide aigpl-cnt-wrp\" data-item-index=\"9\">\r\n\t<div class=\"aigpl-inr-wrp\">\r\n\t\t<div class=\"aigpl-img-wrp\" style=\"\">\r\n\r\n\t\t\t\t\t\t\t\t<a class=\"aigpl-img-link\" data-mfp-src=\"https:\/\/www.dynhestar.is\/wp-content\/uploads\/2019\/08\/DSC09660.jpg\" href=\"javascript:void(0);\" target=\"_self\">\r\n\t\t\t\t\t\t<img decoding=\"async\" class=\"aigpl-img\"  src=\"https:\/\/www.dynhestar.is\/wp-content\/uploads\/2019\/08\/DSC09660.jpg\" alt=\"\" \/>\r\n\t\t\t\t\t<\/a>\r\n\t\t\t\t\t\t<\/div>\r\n\r\n\t\t\t<\/div>\r\n<\/div>\r\n<div class=\"aigpl-slider-slide aigpl-cnt-wrp\" data-item-index=\"10\">\r\n\t<div class=\"aigpl-inr-wrp\">\r\n\t\t<div class=\"aigpl-img-wrp\" style=\"\">\r\n\r\n\t\t\t\t\t\t\t\t<a class=\"aigpl-img-link\" data-mfp-src=\"https:\/\/www.dynhestar.is\/wp-content\/uploads\/2018\/02\/DSC00029.jpg\" href=\"javascript:void(0);\" target=\"_self\">\r\n\t\t\t\t\t\t<img decoding=\"async\" class=\"aigpl-img\"  src=\"https:\/\/www.dynhestar.is\/wp-content\/uploads\/2018\/02\/DSC00029.jpg\" alt=\"\" \/>\r\n\t\t\t\t\t<\/a>\r\n\t\t\t\t\t\t<\/div>\r\n\r\n\t\t\t<\/div>\r\n<\/div>\r\n<div class=\"aigpl-slider-slide aigpl-cnt-wrp\" data-item-index=\"11\">\r\n\t<div class=\"aigpl-inr-wrp\">\r\n\t\t<div class=\"aigpl-img-wrp\" style=\"\">\r\n\r\n\t\t\t\t\t\t\t\t<a class=\"aigpl-img-link\" data-mfp-src=\"https:\/\/www.dynhestar.is\/wp-content\/uploads\/2018\/02\/DSC00077.jpg\" href=\"javascript:void(0);\" target=\"_self\">\r\n\t\t\t\t\t\t<img decoding=\"async\" class=\"aigpl-img\"  src=\"https:\/\/www.dynhestar.is\/wp-content\/uploads\/2018\/02\/DSC00077.jpg\" alt=\"\" \/>\r\n\t\t\t\t\t<\/a>\r\n\t\t\t\t\t\t<\/div>\r\n\r\n\t\t\t<\/div>\r\n<\/div>\r\n<div class=\"aigpl-slider-slide aigpl-cnt-wrp\" data-item-index=\"12\">\r\n\t<div class=\"aigpl-inr-wrp\">\r\n\t\t<div class=\"aigpl-img-wrp\" style=\"\">\r\n\r\n\t\t\t\t\t\t\t\t<a class=\"aigpl-img-link\" data-mfp-src=\"https:\/\/www.dynhestar.is\/wp-content\/uploads\/2018\/02\/DSC00142.jpg\" href=\"javascript:void(0);\" target=\"_self\">\r\n\t\t\t\t\t\t<img decoding=\"async\" class=\"aigpl-img\"  src=\"https:\/\/www.dynhestar.is\/wp-content\/uploads\/2018\/02\/DSC00142.jpg\" alt=\"\" \/>\r\n\t\t\t\t\t<\/a>\r\n\t\t\t\t\t\t<\/div>\r\n\r\n\t\t\t<\/div>\r\n<\/div>\r\n<div class=\"aigpl-slider-slide aigpl-cnt-wrp\" data-item-index=\"13\">\r\n\t<div class=\"aigpl-inr-wrp\">\r\n\t\t<div class=\"aigpl-img-wrp\" style=\"\">\r\n\r\n\t\t\t\t\t\t\t\t<a class=\"aigpl-img-link\" data-mfp-src=\"https:\/\/www.dynhestar.is\/wp-content\/uploads\/2018\/02\/DSC00145.jpg\" href=\"javascript:void(0);\" target=\"_self\">\r\n\t\t\t\t\t\t<img decoding=\"async\" class=\"aigpl-img\"  src=\"https:\/\/www.dynhestar.is\/wp-content\/uploads\/2018\/02\/DSC00145.jpg\" alt=\"\" \/>\r\n\t\t\t\t\t<\/a>\r\n\t\t\t\t\t\t<\/div>\r\n\r\n\t\t\t<\/div>\r\n<\/div>\r\n<div class=\"aigpl-slider-slide aigpl-cnt-wrp\" data-item-index=\"14\">\r\n\t<div class=\"aigpl-inr-wrp\">\r\n\t\t<div class=\"aigpl-img-wrp\" style=\"\">\r\n\r\n\t\t\t\t\t\t\t\t<a class=\"aigpl-img-link\" data-mfp-src=\"https:\/\/www.dynhestar.is\/wp-content\/uploads\/2018\/02\/DSC00188.jpg\" href=\"javascript:void(0);\" target=\"_self\">\r\n\t\t\t\t\t\t<img decoding=\"async\" class=\"aigpl-img\"  src=\"https:\/\/www.dynhestar.is\/wp-content\/uploads\/2018\/02\/DSC00188.jpg\" alt=\"\" \/>\r\n\t\t\t\t\t<\/a>\r\n\t\t\t\t\t\t<\/div>\r\n\r\n\t\t\t<\/div>\r\n<\/div>\r\n\t\t<\/div>\r\n\t\t<div class=\"aigpl-gallery-slider-conf aigpl-hide\">{&quot;slidestoshow&quot;:3,&quot;slidestoscroll&quot;:1,&quot;dots&quot;:&quot;true&quot;,&quot;arrows&quot;:&quot;true&quot;,&quot;autoplay&quot;:&quot;true&quot;,&quot;autoplay_interval&quot;:3000,&quot;speed&quot;:300,&quot;loop&quot;:&quot;true&quot;,&quot;lazyload&quot;:&quot;&quot;}<\/div>\r\n\t<\/div>\r\n\r\n\t[\/et_pb_code][\/et_pb_column][et_pb_column type=&#8221;1_2&#8243; _builder_version=&#8221;4.0.10&#8243;][\/et_pb_column][\/et_pb_row][\/et_pb_section][et_pb_section fb_built=&#8221;1&#8243; admin_label=&#8221;section&#8221; _builder_version=&#8221;3.22&#8243; background_color=&#8221;#e6e7e9&#8243; background_image=&#8221;https:\/\/www.dynhestar.is\/wp-content\/uploads\/2018\/01\/grau-1.png&#8221;][et_pb_row column_structure=&#8221;1_3,1_3,1_3&#8243; _builder_version=&#8221;4.0.10&#8243; background_size=&#8221;initial&#8221; background_position=&#8221;top_left&#8221; background_repeat=&#8221;repeat&#8221;][et_pb_column type=&#8221;1_3&#8243; _builder_version=&#8221;3.25&#8243; custom_padding=&#8221;|||&#8221; custom_padding__hover=&#8221;|||&#8221;][et_pb_image src=&#8221;https:\/\/www.dynhestar.is\/wp-content\/uploads\/2018\/01\/DSC02174-1.jpg&#8221; url=&#8221;https:\/\/www.dynhestar.is\/?page_id=518&#8243; force_fullwidth=&#8221;on&#8221; align_tablet=&#8221;center&#8221; align_phone=&#8221;&#8221; align_last_edited=&#8221;on|desktop&#8221; _builder_version=&#8221;3.23&#8243; always_center_on_mobile=&#8221;on&#8221;][\/et_pb_image][et_pb_text admin_label=&#8221;8 Days&#8221; _builder_version=&#8221;3.27.4&#8243;]<\/p>\n<h4><strong>8 DAYS \u2013 Fascinating valleys and great beaches<br \/>\n<\/strong><\/h4>\n<p>During this tour we will ride through landscapes full of lava field, craters and valleys with unbelievable views. When we ride along the huge sand beaches of L\u00f6ngufj\u00f6rur, we have unlimited possibilties for the famous &#8220;t\u00f6lt&#8221;.<br \/>\n[\/et_pb_text][et_pb_button button_url=&#8221;https:\/\/www.dynhestar.is\/?page_id=518&#038;lang=en&#8221; button_text=&#8221;See more&#8221; button_alignment=&#8221;left&#8221; _builder_version=&#8221;3.16&#8243; custom_button=&#8221;on&#8221; button_text_size=&#8221;18px&#8221; button_text_color=&#8221;#cc3333&#8243; button_border_width=&#8221;0px&#8221; button_font=&#8221;Bitter||||&#8221; button_icon=&#8221;%%32%%&#8221; button_on_hover=&#8221;off&#8221; button_text_size__hover_enabled=&#8221;off&#8221; button_one_text_size__hover_enabled=&#8221;off&#8221; button_two_text_size__hover_enabled=&#8221;off&#8221; button_text_color__hover_enabled=&#8221;off&#8221; button_one_text_color__hover_enabled=&#8221;off&#8221; button_two_text_color__hover_enabled=&#8221;off&#8221; button_border_width__hover_enabled=&#8221;off&#8221; button_one_border_width__hover_enabled=&#8221;off&#8221; button_two_border_width__hover_enabled=&#8221;off&#8221; button_border_color__hover_enabled=&#8221;off&#8221; button_one_border_color__hover_enabled=&#8221;off&#8221; button_two_border_color__hover_enabled=&#8221;off&#8221; button_border_radius__hover_enabled=&#8221;off&#8221; button_one_border_radius__hover_enabled=&#8221;off&#8221; button_two_border_radius__hover_enabled=&#8221;off&#8221; button_letter_spacing__hover_enabled=&#8221;off&#8221; button_one_letter_spacing__hover_enabled=&#8221;off&#8221; button_two_letter_spacing__hover_enabled=&#8221;off&#8221; button_bg_color__hover_enabled=&#8221;off&#8221; button_one_bg_color__hover_enabled=&#8221;off&#8221; button_two_bg_color__hover_enabled=&#8221;off&#8221;][\/et_pb_button][\/et_pb_column][et_pb_column type=&#8221;1_3&#8243; _builder_version=&#8221;3.25&#8243; custom_padding=&#8221;|||&#8221; custom_padding__hover=&#8221;|||&#8221;][et_pb_image src=&#8221;https:\/\/www.dynhestar.is\/wp-content\/uploads\/2018\/01\/InsWasser-1.jpg&#8221; url=&#8221;https:\/\/www.dynhestar.is\/?page_id=1051&#8243; align=&#8221;center&#8221; align_tablet=&#8221;center&#8221; align_phone=&#8221;&#8221; align_last_edited=&#8221;on|desktop&#8221; _builder_version=&#8221;3.23&#8243; always_center_on_mobile=&#8221;on&#8221;][\/et_pb_image][et_pb_text admin_label=&#8221;7 Days&#8221; _builder_version=&#8221;4.0.10&#8243;]<\/p>\n<h4><strong>7 DAYS &#8211; <\/strong><strong>Amazing valleys and great mountains<br \/><\/strong><\/h4>\n<p><span class=\"_4n-j _3cht fsl\" data-testid=\"event-permalink-details\">A beautiful trip through ever changing scenery in both inhabited and abandoned valleys of the region \u201eDalir\u201c (= the Valleys) with unbelievable view and very good riding tracks to enjoy the T\u00f6lt!<br \/><\/span><\/p>\n<p>[\/et_pb_text][et_pb_button button_url=&#8221;https:\/\/www.dynhestar.is\/?page_id=1051&#038;lang=en&#8221; button_text=&#8221;See more&#8221; button_alignment=&#8221;left&#8221; _builder_version=&#8221;3.16&#8243; custom_button=&#8221;on&#8221; button_text_size=&#8221;18px&#8221; button_text_color=&#8221;#cc3333&#8243; button_border_width=&#8221;0px&#8221; button_font=&#8221;Bitter||||&#8221; button_icon=&#8221;%%32%%&#8221; button_on_hover=&#8221;off&#8221; background_layout=&#8221;dark&#8221; button_text_size__hover_enabled=&#8221;off&#8221; button_one_text_size__hover_enabled=&#8221;off&#8221; button_two_text_size__hover_enabled=&#8221;off&#8221; button_text_color__hover_enabled=&#8221;off&#8221; button_one_text_color__hover_enabled=&#8221;off&#8221; button_two_text_color__hover_enabled=&#8221;off&#8221; button_border_width__hover_enabled=&#8221;off&#8221; button_one_border_width__hover_enabled=&#8221;off&#8221; button_two_border_width__hover_enabled=&#8221;off&#8221; button_border_color__hover_enabled=&#8221;off&#8221; button_one_border_color__hover_enabled=&#8221;off&#8221; button_two_border_color__hover_enabled=&#8221;off&#8221; button_border_radius__hover_enabled=&#8221;off&#8221; button_one_border_radius__hover_enabled=&#8221;off&#8221; button_two_border_radius__hover_enabled=&#8221;off&#8221; button_letter_spacing__hover_enabled=&#8221;off&#8221; button_one_letter_spacing__hover_enabled=&#8221;off&#8221; button_two_letter_spacing__hover_enabled=&#8221;off&#8221; button_bg_color__hover_enabled=&#8221;off&#8221; button_one_bg_color__hover_enabled=&#8221;off&#8221; button_two_bg_color__hover_enabled=&#8221;off&#8221;][\/et_pb_button][\/et_pb_column][et_pb_column type=&#8221;1_3&#8243; _builder_version=&#8221;3.25&#8243; custom_padding=&#8221;|||&#8221; custom_padding__hover=&#8221;|||&#8221;][et_pb_image src=&#8221;https:\/\/www.dynhestar.is\/wp-content\/uploads\/2018\/01\/Herbstritt-1.jpg&#8221; url=&#8221;https:\/\/www.dynhestar.is\/?page_id=524&#8243; align=&#8221;center&#8221; align_tablet=&#8221;center&#8221; align_phone=&#8221;&#8221; align_last_edited=&#8221;on|desktop&#8221; _builder_version=&#8221;3.23&#8243; always_center_on_mobile=&#8221;on&#8221;][\/et_pb_image][et_pb_text admin_label=&#8221;6 Days&#8221; _builder_version=&#8221;4.0.10&#8243;]<\/p>\n<h3><strong>Our 6 days trips<\/strong><\/h3>\n<p>In autumn we offer three kinds of tours. Here you can experience the real icelandic traditions with us: horse round-up, sheep round-up, and our autumn trip will be unforgettable adventures for you.<\/p>\n<p>[\/et_pb_text][et_pb_button button_url=&#8221;https:\/\/www.dynhestar.is\/?page_id=524&#038;lang=en&#8221; button_text=&#8221;See more&#8221; button_alignment=&#8221;left&#8221; _builder_version=&#8221;3.16&#8243; custom_button=&#8221;on&#8221; button_text_size=&#8221;18px&#8221; button_text_color=&#8221;#cc3333&#8243; button_border_width=&#8221;0px&#8221; button_font=&#8221;Bitter||||&#8221; button_icon=&#8221;%%32%%&#8221; button_on_hover=&#8221;off&#8221; background_layout=&#8221;dark&#8221; button_text_size__hover_enabled=&#8221;off&#8221; button_one_text_size__hover_enabled=&#8221;off&#8221; button_two_text_size__hover_enabled=&#8221;off&#8221; button_text_color__hover_enabled=&#8221;off&#8221; button_one_text_color__hover_enabled=&#8221;off&#8221; button_two_text_color__hover_enabled=&#8221;off&#8221; button_border_width__hover_enabled=&#8221;off&#8221; button_one_border_width__hover_enabled=&#8221;off&#8221; button_two_border_width__hover_enabled=&#8221;off&#8221; button_border_color__hover_enabled=&#8221;off&#8221; button_one_border_color__hover_enabled=&#8221;off&#8221; button_two_border_color__hover_enabled=&#8221;off&#8221; button_border_radius__hover_enabled=&#8221;off&#8221; button_one_border_radius__hover_enabled=&#8221;off&#8221; button_two_border_radius__hover_enabled=&#8221;off&#8221; button_letter_spacing__hover_enabled=&#8221;off&#8221; button_one_letter_spacing__hover_enabled=&#8221;off&#8221; button_two_letter_spacing__hover_enabled=&#8221;off&#8221; button_bg_color__hover_enabled=&#8221;off&#8221; button_one_bg_color__hover_enabled=&#8221;off&#8221; button_two_bg_color__hover_enabled=&#8221;off&#8221;][\/et_pb_button][\/et_pb_column][\/et_pb_row][\/et_pb_section]<\/p>\n","protected":false},"excerpt":{"rendered":"<p>[et_pb_section fb_built=&#8221;1&#8243; fullwidth=&#8221;on&#8221; _builder_version=&#8221;3.22&#8243; background_image=&#8221;https:\/\/www.dynhestar.is\/wp-content\/uploads\/2018\/01\/6-Tage_Slider-1.jpg&#8221;][et_pb_fullwidth_header title=&#8221;Dalir trip &#8211; 7 days&#8221; text_orientation=&#8221;center&#8221; _builder_version=&#8221;4.0.10&#8243; title_font=&#8221;Open Sans Condensed||||||||&#8221; title_font_size=&#8221;60px&#8221; background_color=&#8221;rgba(255, 255, 255, 0)&#8221; background_layout=&#8221;light&#8221; button_one_text_size__hover_enabled=&#8221;off&#8221; button_two_text_size__hover_enabled=&#8221;off&#8221; button_one_text_color__hover_enabled=&#8221;off&#8221; button_two_text_color__hover_enabled=&#8221;off&#8221; button_one_border_width__hover_enabled=&#8221;off&#8221; button_two_border_width__hover_enabled=&#8221;off&#8221; button_one_border_color__hover_enabled=&#8221;off&#8221; button_two_border_color__hover_enabled=&#8221;off&#8221; button_one_border_radius__hover_enabled=&#8221;off&#8221; button_two_border_radius__hover_enabled=&#8221;off&#8221; button_one_letter_spacing__hover_enabled=&#8221;off&#8221; button_two_letter_spacing__hover_enabled=&#8221;off&#8221; button_one_bg_color__hover_enabled=&#8221;off&#8221; button_two_bg_color__hover_enabled=&#8221;off&#8221;]&nbsp; &nbsp; &nbsp; &nbsp; &nbsp; &nbsp; &nbsp; [\/et_pb_fullwidth_header][\/et_pb_section][et_pb_section fb_built=&#8221;1&#8243; _builder_version=&#8221;3.22&#8243;][et_pb_row column_structure=&#8221;2_3,1_3&#8243; _builder_version=&#8221;3.25&#8243; background_size=&#8221;initial&#8221; background_position=&#8221;top_left&#8221; background_repeat=&#8221;repeat&#8221;][et_pb_column type=&#8221;2_3&#8243; _builder_version=&#8221;3.25&#8243; custom_padding=&#8221;|||&#8221; custom_padding__hover=&#8221;|||&#8221;][et_pb_text _builder_version=&#8221;4.0.10&#8243;] Amazing [&hellip;]<\/p>\n","protected":false},"author":5,"featured_media":0,"parent":497,"menu_order":0,"comment_status":"closed","ping_status":"closed","template":"","meta":{"_et_pb_use_builder":"on","_et_pb_old_content":"","_et_gb_content_width":"","footnotes":""},"class_list":["post-1051","page","type-page","status-publish","hentry"],"_links":{"self":[{"href":"https:\/\/www.dynhestar.is\/index.php?rest_route=\/wp\/v2\/pages\/1051"}],"collection":[{"href":"https:\/\/www.dynhestar.is\/index.php?rest_route=\/wp\/v2\/pages"}],"about":[{"href":"https:\/\/www.dynhestar.is\/index.php?rest_route=\/wp\/v2\/types\/page"}],"author":[{"embeddable":true,"href":"https:\/\/www.dynhestar.is\/index.php?rest_route=\/wp\/v2\/users\/5"}],"replies":[{"embeddable":true,"href":"https:\/\/www.dynhestar.is\/index.php?rest_route=%2Fwp%2Fv2%2Fcomments&post=1051"}],"version-history":[{"count":77,"href":"https:\/\/www.dynhestar.is\/index.php?rest_route=\/wp\/v2\/pages\/1051\/revisions"}],"predecessor-version":[{"id":2994,"href":"https:\/\/www.dynhestar.is\/index.php?rest_route=\/wp\/v2\/pages\/1051\/revisions\/2994"}],"up":[{"embeddable":true,"href":"https:\/\/www.dynhestar.is\/index.php?rest_route=\/wp\/v2\/pages\/497"}],"wp:attachment":[{"href":"https:\/\/www.dynhestar.is\/index.php?rest_route=%2Fwp%2Fv2%2Fmedia&parent=1051"}],"curies":[{"name":"wp","href":"https:\/\/api.w.org\/{rel}","templated":true}]}}